{"id":2407,"date":"2021-04-16T11:53:40","date_gmt":"2021-04-16T11:53:40","guid":{"rendered":"https:\/\/odigo-v2-develop.go-vip.net\/?page_id=2407"},"modified":"2025-04-22T06:56:58","modified_gmt":"2025-04-22T06:56:58","slug":"demande-de-demo","status":"publish","type":"page","link":"https:\/\/odigo-v2-develop.go-vip.net\/fr-fr\/demande-de-demo\/","title":{"rendered":"Demande de d\u00e9mo"},"content":{"rendered":"        <section class=\" section--no-margin section article-body page-article-body article-white \">\n\n                        <div class=\"container\">\n                <div class=\"row\">\n\n                    <div class=\"col-12 article-text\">\n                                                \n\n<div class=\"wp-block-columns is-layout-flex wp-container-core-columns-is-layout-9d6595d7 wp-block-columns-is-layout-flex\">\n<div class=\"wp-block-column is-layout-flow wp-block-column-is-layout-flow\">\n<h1 class=\"wp-block-heading\" id=\"h-experience-a-tailor-made-demo\">Faites votre demande de d\u00e9mo personnalis\u00e9e<\/h1>\n\n\n\n<p><strong>Nous savons que vous \u00eates tr\u00e8s occup\u00e9&#8230; Tirez le meilleur parti de votre collaboration avec nos experts et trouvez la solution qui vous convient.<\/strong><\/p>\n\n\n\n<div class=\"intro-resource-form\" class=\"wp-block-odigo-blocks-simple-list\"><div class=\"row\"><div class=\"col-12\"><div class=\"links-tag\">Ce que vous avez \u00e0 y gagner :<\/div><ul class=\"bullets bullets--vertical\"><li class=\"li-icon--check\">Une d\u00e9monstration personnalis\u00e9e, quels que soient les enjeux ou les activit\u00e9s de votre organisation<\/li><li class=\"li-icon--check\">Des r\u00e9ponses pr\u00e9cises et d\u00e9taill\u00e9es \u00e0 toutes vos questions sur nos solutions et services<\/li><li class=\"li-icon--check\">Une meilleure compr\u00e9hension de nos capacit\u00e9s actuelles et un aper\u00e7u de ce que nous avons en r\u00e9serve<\/li><\/ul><\/div><\/div><\/div>\n\n\n\n<figure class=\"wp-block-image size-large\"><img decoding=\"async\" src=\"https:\/\/odigo-v2-develop.go-vip.net\/wp-content\/uploads\/2021\/04\/2021-04-15_Odigo-com_Visuals_Photo-library_L0-Home-page_1200x638px_Opt2_v2_MP-MAK.jpg?w=960\" alt=\"\" class=\"wp-image-2778\"\/><\/figure>\n<\/div>\n\n\n\n<div class=\"wp-block-column is-layout-flow wp-block-column-is-layout-flow\">\n<div class=\"section--simple-form\" class=\"wp-block-odigo-blocks-simple-form\"><div class=\"row\"><div class=\"col-md-12\"><div class=\"title\"><p><\/p><\/div>    <div class=\"contact-form\"\n         id=\"\"\n         data-form-type=\"\"\n    >\n                    \t\t\t<div class=\"mf_forms__container \" data-form-id=\"\">\n\t\t\t\t                <!-- Dynamics dev -->\n                <script async src=\"https:\/\/mktdplp102cdn.azureedge.net\/public\/latest\/js\/form-loader.js?v=1.72.2003.0\"><\/script>\n            \t\t\t<form id=\"mf_form_2428\" class=\"mf_form__form\" action=\"\" method=\"post\" novalidate enctype=\"multipart\/form-data\" data-mapping-array=\"\">\n\t\t\t\t\t\t\t\t\t\t<div class=\"mf_form__step mf_form__step-1\">\n\t\t\t\t\t\t\t\t\t\t<div class=\"mf_field mf_field--email mf-required\" data-validate=\"email\">\n\t\t\t\t<label for=\"_mf_2428_9230\" \/>E-mail\t\t\t\t\t<div class=\"mf-required--symbol\"> * <\/div>\t\t\t\t<\/label>\n\t\t\t\t<input type=\"email\" id=\"_mf_2428_9230\" class=\"mf_field__input empty\" name=\"_mf_2428_9230\" required \/>\n\t\t\t<\/div>\n\t\t            <div class=\"mf_field mf_field--step-button\" data-go-last-step=\"\" data-last-step=\"\"\n                                                >\n\n\t\t\t\t<input type=\"button\" class=\"mf_field__input\" id=\"_mf_2428_1617\" value=\"Continuer\" disabled\/>\n            <\/div>\n\t\t\t\t\t\t\t\t<\/div>\n\t\t\t\t\t\t\t\t\t\t\t<div class=\"mf_form__step mf_form__step-2\">\n\t\t\t\t\t\t\t\n\t\t\t<div class=\"mf_field mf_field--back-button\">\n\t\t\t\t<input type=\"button\" class=\"mf_field__input\" id=\"_mf_2428_9022\" value=\"Revenir en arri\u00e8re\" \/>\n\t\t\t<\/div>\n\t\t\t\t\t<div class=\"mf_field mf_field--text mf-required\" data-validate=\"text\">\n\t\t\t\t<label for=\"_mf_1994_7152\" \/>Pr\u00e9nom\t\t\t\t\t<div class=\"mf-required--symbol\"> * <\/div><\/label>\n\t\t\t\t<input type=\"text\" id=\"_mf_1994_7152\" class=\"mf_field__input empty\" name=\"_mf_1994_7152\" required \/>\n\t\t\t<\/div>\n\t\t\t\t\t<div class=\"mf_field mf_field--text mf-required\" data-validate=\"text\">\n\t\t\t\t<label for=\"_mf_1994_971\" \/>Nom\t\t\t\t\t<div class=\"mf-required--symbol\"> * <\/div><\/label>\n\t\t\t\t<input type=\"text\" id=\"_mf_1994_971\" class=\"mf_field__input empty\" name=\"_mf_1994_971\" required \/>\n\t\t\t<\/div>\n\t\t\t\t\t<div class=\"mf_field mf_field--text mf-required\" data-validate=\"text\">\n\t\t\t\t<label for=\"_mf_2428_5579\" \/>Entreprise\t\t\t\t\t<div class=\"mf-required--symbol\"> * <\/div><\/label>\n\t\t\t\t<input type=\"text\" id=\"_mf_2428_5579\" class=\"mf_field__input empty\" name=\"_mf_2428_5579\" required \/>\n\t\t\t<\/div>\n\t\t\t\t\t<div class=\"mf_field mf_field--text \" data-validate=\"text\">\n\t\t\t\t<label for=\"_mf_1994_6731\" \/>Intitul\u00e9 du poste (Facultatif)\t\t\t\t\t<\/label>\n\t\t\t\t<input type=\"text\" id=\"_mf_1994_6731\" class=\"mf_field__input empty\" name=\"_mf_1994_6731\"  \/>\n\t\t\t<\/div>\n\t\t\t\t\t<div class=\"mf_field mf_field--tel \" data-validate=\"tel\">\n\t\t\t\t<label for=\"_mf_1994_6578\" \/>T\u00e9l\u00e9phone (Facultatif)\t\t\t\t\t\t\t\t\t<\/label>\n\t\t\t\t<input type=\"tel\" id=\"_mf_1994_6578\" class=\"mf_field__input empty\" name=\"_mf_1994_6578\" pattern=\"^[0-9-+s()]*$\"  \/>\n\t\t\t<\/div>\n\t\t\t\t\t<div class=\"mf_field mf_field--text mf-required\" data-validate=\"text\">\n\t\t\t\t<label for=\"_mf_2428_2053\" \/>Pays\t\t\t\t\t<div class=\"mf-required--symbol\"> * <\/div><\/label>\n\t\t\t\t<input type=\"text\" id=\"_mf_2428_2053\" class=\"mf_field__input empty\" name=\"_mf_2428_2053\" required \/>\n\t\t\t<\/div>\n\t\t\t\t\t<div class=\"mf_field mf_field--select mf-required\" data-validate=\"select\">\n\t\t\t\t<label for=\"_mf_2428_7466\" \/>Nombre d\u2019utilisateurs\t\t\t\t\t<div class=\"mf-required--symbol\"> * <\/div>\t\t\t\t<\/label>\n\t\t\t\t<select id=\"_mf_2428_7466\" class=\"mf_field__input empty\" name=\"_mf_2428_7466\" required>\n\t\t\t\t\t\t\t\t\t\t\t<option value=\"1\">1 \u00e0 100 agents<\/option>\n\t\t\t\t\t\t\t\t\t\t\t<option value=\"2\">101 \u00e0 300 agents<\/option>\n\t\t\t\t\t\t\t\t\t\t\t<option value=\"3\">301+ agents<\/option>\n\t\t\t\t\t\t\t\t\t<\/select>\n\t\t\t<\/div>\n\t\t\t\t\t<div class=\"mf_field mf_field--text \" data-validate=\"text\">\n\t\t\t\t<label for=\"_mf_1994_1020\" \/>Solution actuelle (Facultatif)\t\t\t\t\t<\/label>\n\t\t\t\t<input type=\"text\" id=\"_mf_1994_1020\" class=\"mf_field__input empty\" name=\"_mf_1994_1020\"  \/>\n\t\t\t<\/div>\n\t\t\t\t\t<div class=\"mf_field mf_field--textarea \" data-validate=\"text\">\n\t\t\t\t<label for=\"_mf_2428_3797\" \/>Comment (Facultatif)\t\t\t\t\t\t\t\t\t<\/label>\n\t\t\t\t<textarea id=\"_mf_2428_3797\" class=\"mf_field__input empty\" name=\"_mf_2428_3797\"  ><\/textarea>\n\t\t\t<\/div>\n\t\t\t\t<div id=\"cf-turnstile-mf-form-407692043\"\r\n\t\tclass=\"cf-turnstile sct-mf-form\" data-callback=\"turnstileMfFormCallback\"\t\tdata-sitekey=\"0x4AAAAAAAQLxJy3YRbg5GLj\"\r\n\t\tdata-theme=\"light\"\r\n\t\tdata-language=\"auto\"\r\n\t\tdata-retry=\"auto\" data-retry-interval=\"1000\"\r\n\t\tdata-action=\"mf-form-407692043\"\r\n\t\t\t\tdata-appearance=\"always\"><\/div>\r\n\t\t\t\t<style>-mf-form-407692043 { pointer-events: none; opacity: 0.5; }<\/style>\r\n\t\t\t<script>document.addEventListener(\"DOMContentLoaded\",(function(){var e=document.getElementById(\"cf-turnstile-mf-form-407692043\");e&&turnstile.render(\"#cf-turnstile-mf-form-407692043\",{sitekey:\"0x4AAAAAAAQLxJy3YRbg5GLj\"})}));<\/script>\r\n\t\t\t<br class=\"cf-turnstile-br cf-turnstile-br-mf-form-407692043\">\r\n\t\t\t\t<style>#cf-turnstile-mf-form-407692043 { margin-left: -15px; }<\/style>\r\n\t\t\n\t\t\t<div class=\"mf_field mf_field--submit\">\n                                <button type=\"submit\" class=\"mf_field__input\" id=\"_mf_1994_6490\" disabled><img height=\"1\" width=\"1\" style=\"display:none;\" alt=\"\" src=https:\/\/px.ads.linkedin.com\/collect\/?pid=1213833&conversionId=5797084&fmt=gif \/><img height=\"1\" width=\"1\" style=\"display:none;\" alt=\"\" src=https:\/\/px.ads.linkedin.com\/collect\/?pid=1213833&conversionId=5797092&fmt=gif \/>Envoyer<\/button>\n\t\t\t<\/div>\n\t\t\t\t\t<div class=\"mf_field mf_field--checkboxes \" data-validate=\"checkboxes\">\n\t\t\t\t<label for=\"_mf_1994_6981\">Opt Out<\/label>\n\t\t\t\t\t\t\t\t<ul>\n\t\t\t\t\t\t\t\t\t\t<li>\n\t\t\t\t\t\t\t<input type=\"checkbox\" id=\"_mf_1994_6981_0\" name=\"_mf_1994_6981[]\" value=\"1\">\n\t\t\t\t\t\t\t<label for=\"_mf_1994_6981_0\">Je ne souhaite pas recevoir d'emails d'information et autres contenus personnalis\u00e9s sur l\u2019 actualit\u00e9 et les nouvelles fonctionnalit\u00e9s d\u2019Odigo.<\/label>\n\t\t\t\t\t\t<\/li>\n\t\t\t\t\t\t\t\t\t<\/ul>\n\t\t\t<\/div>\n\t\t\t\t\t<div class=\"mf_field mf_field--checkboxes mf-required\" data-validate=\"checkboxes\">\n\t\t\t\t<label for=\"_mf_1994_4652\">Terms of use<\/label>\n\t\t\t\t<div class=\"mf-required--symbol\"> * <\/div>\t\t\t\t<ul>\n\t\t\t\t\t\t\t\t\t\t<li>\n\t\t\t\t\t\t\t<input type=\"checkbox\" id=\"_mf_1994_4652_0\" name=\"_mf_1994_4652[]\" value=\"1\">\n\t\t\t\t\t\t\t<label for=\"_mf_1994_4652_0\"><p>A travers ce formulaire, vous nous communiquez des informations qualifi\u00e9es de Donn\u00e9es \u00e0 caract\u00e8re personnel. Odigo, en tant que Responsable de traitement, n'utilisera vos donn\u00e9es qu'aux fins de traiter et\/ou de r\u00e9pondre \u00e0 vos demandes. Pour toute information compl\u00e9mentaire sur le traitement de vos donn\u00e9es et sur vos droits, vous pouvez consulter notre <a href=\"\/fr-fr\/politique-de-confidentialite\/\">Politique de Protection des Donn\u00e9es ici<\/a>.<\/p><\/label>\n\t\t\t\t\t\t<\/li>\n\t\t\t\t\t\t\t\t\t<\/ul>\n\t\t\t<\/div>\n\t\t        <div class=\"mf_field mf_field--referer \" data-validate=\"text\">\n            <input id=\"_mf_2428_663\" type=\"hidden\" class=\"mf_field--referer\" name=\"_mf_2428_663\" value=\"\" \/>\n        <\/div>\n        \t\t\t<div class=\"mf_field mf_field--hidden-select mf-required\" data-validate=\"select\">\n\t\t\t\t<label for=\"_mf_2428_4718\" \/>Lead source\t\t\t\t\t<div class=\"mf-required--symbol\"> * <\/div>\t\t\t\t<\/label>\n\t\t\t\t<select id=\"_mf_2428_4718\" class=\"mf_field__input empty\" name=\"_mf_2428_4718\" required>\n\t\t\t\t\t\t\t\t\t\t\t<option value=\"Web Lead\">Web Lead<\/option>\n\t\t\t\t\t\t\t\t\t<\/select>\n\t\t\t<\/div>\n\t\t\t\t\t\t\t\t<\/div>\n\t\t\t\t\t\t\t\t\t\t    <input type='hidden' id='lc_source' name='lc_source'\/>\n    <input type='hidden' id='lc_medium' name='lc_medium'\/>\n    <input type='hidden' id='lc_campaign' name='lc_campaign'\/>\n    <input type='hidden' id='lc_content' name='lc_content'\/>\n    <input type='hidden' id='fc_source' name='fc_source'\/>\n    <input type='hidden' id='fc_medium' name='fc_medium'\/>\n    <input type='hidden' id='fc_campaign' name='fc_campaign'\/>\n    <input type='hidden' id='fc_content' name='fc_content'\/>\n    \t\t\t\t<input type=\"hidden\" name=\"form_id\" data-validate=\"number\" class=\"mf_form__id\" value=\"2428\" \/>\n\t\t\t\t<input type=\"hidden\" name=\"wp_rest_nonce\" class=\"mf_form__wp_rest_nonce\" value=\"41b4c9fdda\" \/>\n                <input type=\"hidden\" name=\"form_domains\" class=\"mf_form__form_domains\" value=\"neuf.fr\r\nfree.fr\r\nnumericable.fr\r\nsfr.fr\r\nwanadoo.fr\r\norange.fr\r\nbouyguestelecom.fr\r\ngmail.com\r\noutlook.com\r\nhotmail.com\r\nyahoo.com\r\naol.com\r\nyandex.com.\r\nicloud.com\r\nbtinternet.com\r\nlive.co.uk\r\ntalktalk.net\r\nyahoo.fr\r\nono.com telefonica.es\r\nmovistar.es\r\noutlook.fr\"\/>\n\t\t\t<\/form>\n\n\t\t\t\t\t\t\t\t\t<input type=\"hidden\" id=\"mf_form_ty_message_field_id\" value=\"_mf_2428_7466\" data-field-key=\"agent-number\"\/>\n\n                                                    <div class=\"mf_form_message\" style=\"display: none\" data-value=\"1\"><div class=\"mf-form-ty\"><br \/>\r\n  <div class=\"mf-ty-name\"><br \/>\r\n    <p class=\"mf-ty-title\"><b>Merci !<\/b><\/p><br \/>\r\n    <p class=\"mf-ty-title\"><b>Votre demande a bien \u00e9t\u00e9 prise en compte.<\/b><\/p><br \/>\r\n    <p>Un membre de notre \u00e9quipe vous contactera tr\u00e8s prochainement pour organiser la d\u00e9monstration.<\/p><br \/>\r\n  <\/div><br \/>\r\n  <p>Pour tout savoir sur l'exp\u00e9rience client, et ne rien manquer de nos actualit\u00e9s, suivez-nous sur les r\u00e9seaux sociaux :<\/p><br \/>\r\n      <ul class=\"mf-form-ty-social\">\n        \n                    <li class=\"ty-li--li\">\n                        <a href=\"https:\/\/www.linkedin.com\/company\/odigo\/\" target=\"_blank\"><span>LinkedIn<\/span><\/a>\n                    <\/li>\n\n                    \n                    <li class=\"ty-li--yt\">\n                        <a href=\"https:\/\/www.youtube.com\/channel\/UCmMHR6ow38gJ-SW2qqjrPgA\" target=\"_blank\"><span>YouTube<\/span><\/a>\n                    <\/li>\n\n                        <\/ul>\n    <br \/>\r\n<\/div><\/div>\n\n                                                            <div class=\"mf_form__success\">\n                                    <div class=\"mf-form-ty\">\r\n  <div class=\"mf-ty-name\">\r\n    <p class=\"mf-ty-title\"><b>Merci !<\/b><\/p>\r\n    <p class=\"mf-ty-title\"><b>Votre demande a bien \u00e9t\u00e9 prise en compte.<\/b><\/p>\r\n    <p>Un membre de notre \u00e9quipe vous contactera tr\u00e8s prochainement pour organiser la d\u00e9monstration.<\/p>\r\n  <\/div>\r\n  <p>Pour tout savoir sur l'exp\u00e9rience client, et ne rien manquer de nos actualit\u00e9s, suivez-nous sur les r\u00e9seaux sociaux :<\/p>\r\n    <ul class=\"mf-form-ty-social\">\n        \n                    <li class=\"ty-li--li\">\n                        <a href=\"https:\/\/www.linkedin.com\/company\/odigo\/\" target=\"_blank\"><span>LinkedIn<\/span><\/a>\n                    <\/li>\n\n                    \n                    <li class=\"ty-li--yt\">\n                        <a href=\"https:\/\/www.youtube.com\/channel\/UCmMHR6ow38gJ-SW2qqjrPgA\" target=\"_blank\"><span>YouTube<\/span><\/a>\n                    <\/li>\n\n                        <\/ul>\n    \r\n<\/div>                                <\/div>\n                            \n\t\t\t<div class=\"mf_form__errors\">\n\t\t\t\t<p>We are sorry, the form submission failed. Please try again.\t\t\t<\/div>\n\t\t\t\t\t<\/div>\n\t\t\n            <\/div>\n\n\n\t<\/div><\/div><\/div>\n<\/div>\n<\/div>\n\n                    <\/div>\n                                                        <\/div>\n            <\/div>\n\n        <\/section>\n        ","protected":false},"excerpt":{"rendered":"","protected":false},"author":22,"featured_media":0,"parent":0,"menu_order":0,"comment_status":"closed","ping_status":"closed","template":"","meta":{"_acf_changed":false,"footnotes":""},"topic":[],"class_list":["post-2407","page","type-page","status-publish","hentry"],"acf":[],"yoast_head":"<!-- This site is optimized with the Yoast SEO Premium plugin v18.4 (Yoast SEO v22.9) - https:\/\/yoast.com\/wordpress\/plugins\/seo\/ -->\n<title>D\u00e9couvrez la solution Odigo \u00e0 travers une d\u00e9mo personnalis\u00e9e<\/title>\n<meta name=\"description\" content=\"D\u00e9couvrez comment proposer la meilleure exp\u00e9rience client possible \u00e0 travers une d\u00e9mo personnalis\u00e9e de la solution Odigo. Contactez-nous !\" \/>\n<meta name=\"robots\" content=\"index, follow, max-snippet:-1, max-image-preview:large, max-video-preview:-1\" \/>\n<link rel=\"canonical\" href=\"https:\/\/odigo-v2-develop.go-vip.net\/fr-fr\/demande-de-demo\/\" \/>\n<meta property=\"og:locale\" content=\"fr_FR\" \/>\n<meta property=\"og:type\" content=\"article\" \/>\n<meta property=\"og:title\" content=\"Demande de d\u00e9mo\" \/>\n<meta property=\"og:description\" content=\"D\u00e9couvrez comment proposer la meilleure exp\u00e9rience client possible \u00e0 travers une d\u00e9mo personnalis\u00e9e de la solution Odigo. Contactez-nous !\" \/>\n<meta property=\"og:url\" content=\"https:\/\/odigo-v2-develop.go-vip.net\/fr-fr\/demande-de-demo\/\" \/>\n<meta property=\"og:site_name\" content=\"Odigo France\" \/>\n<meta property=\"article:modified_time\" content=\"2025-04-22T06:56:58+00:00\" \/>\n<meta property=\"og:image\" content=\"https:\/\/odigo-v2-develop.go-vip.net\/wp-content\/uploads\/2021\/04\/2021-04-15_Odigo-com_Visuals_Photo-library_L0-Home-page_1200x638px_Opt2_v2_MP-MAK.jpg?w=960\" \/>\n<meta name=\"twitter:card\" content=\"summary_large_image\" \/>\n<meta name=\"twitter:label1\" content=\"Est. reading time\" \/>\n\t<meta name=\"twitter:data1\" content=\"1 minute\" \/>\n<script type=\"application\/ld+json\" class=\"yoast-schema-graph\">{\"@context\":\"https:\/\/schema.org\",\"@graph\":[{\"@type\":\"WebPage\",\"@id\":\"https:\/\/odigo-v2-develop.go-vip.net\/fr-fr\/demande-de-demo\/\",\"url\":\"https:\/\/odigo-v2-develop.go-vip.net\/fr-fr\/demande-de-demo\/\",\"name\":\"D\u00e9couvrez la solution Odigo \u00e0 travers une d\u00e9mo personnalis\u00e9e\",\"isPartOf\":{\"@id\":\"https:\/\/odigo-v2-develop.go-vip.net\/fr-fr\/#website\"},\"primaryImageOfPage\":{\"@id\":\"https:\/\/odigo-v2-develop.go-vip.net\/fr-fr\/demande-de-demo\/#primaryimage\"},\"image\":{\"@id\":\"https:\/\/odigo-v2-develop.go-vip.net\/fr-fr\/demande-de-demo\/#primaryimage\"},\"thumbnailUrl\":\"https:\/\/odigo-v2-develop.go-vip.net\/wp-content\/uploads\/2021\/04\/2021-04-15_Odigo-com_Visuals_Photo-library_L0-Home-page_1200x638px_Opt2_v2_MP-MAK.jpg?w=960\",\"datePublished\":\"2021-04-16T11:53:40+00:00\",\"dateModified\":\"2025-04-22T06:56:58+00:00\",\"description\":\"D\u00e9couvrez comment proposer la meilleure exp\u00e9rience client possible \u00e0 travers une d\u00e9mo personnalis\u00e9e de la solution Odigo. Contactez-nous !\",\"breadcrumb\":{\"@id\":\"https:\/\/odigo-v2-develop.go-vip.net\/fr-fr\/demande-de-demo\/#breadcrumb\"},\"inLanguage\":\"fr-FR\",\"potentialAction\":[{\"@type\":\"ReadAction\",\"target\":[\"https:\/\/odigo-v2-develop.go-vip.net\/fr-fr\/demande-de-demo\/\"]}]},{\"@type\":\"ImageObject\",\"inLanguage\":\"fr-FR\",\"@id\":\"https:\/\/odigo-v2-develop.go-vip.net\/fr-fr\/demande-de-demo\/#primaryimage\",\"url\":\"https:\/\/odigo-v2-develop.go-vip.net\/wp-content\/uploads\/2021\/04\/2021-04-15_Odigo-com_Visuals_Photo-library_L0-Home-page_1200x638px_Opt2_v2_MP-MAK.jpg?w=960\",\"contentUrl\":\"https:\/\/odigo-v2-develop.go-vip.net\/wp-content\/uploads\/2021\/04\/2021-04-15_Odigo-com_Visuals_Photo-library_L0-Home-page_1200x638px_Opt2_v2_MP-MAK.jpg?w=960\"},{\"@type\":\"BreadcrumbList\",\"@id\":\"https:\/\/odigo-v2-develop.go-vip.net\/fr-fr\/demande-de-demo\/#breadcrumb\",\"itemListElement\":[{\"@type\":\"ListItem\",\"position\":1,\"name\":\"Home\",\"item\":\"https:\/\/odigo-v2-develop.go-vip.net\/fr-fr\/\"},{\"@type\":\"ListItem\",\"position\":2,\"name\":\"Demande de d\u00e9mo\"}]},{\"@type\":\"WebSite\",\"@id\":\"https:\/\/odigo-v2-develop.go-vip.net\/fr-fr\/#website\",\"url\":\"https:\/\/odigo-v2-develop.go-vip.net\/fr-fr\/\",\"name\":\"Odigo France\",\"description\":\"Leader des solutions cloud de centres de contacts\",\"potentialAction\":[{\"@type\":\"SearchAction\",\"target\":{\"@type\":\"EntryPoint\",\"urlTemplate\":\"https:\/\/odigo-v2-develop.go-vip.net\/fr-fr\/?s={search_term_string}\"},\"query-input\":\"required name=search_term_string\"}],\"inLanguage\":\"fr-FR\"}]}<\/script>\n<!-- \/ Yoast SEO Premium plugin. -->","yoast_head_json":{"title":"D\u00e9couvrez la solution Odigo \u00e0 travers une d\u00e9mo personnalis\u00e9e","description":"D\u00e9couvrez comment proposer la meilleure exp\u00e9rience client possible \u00e0 travers une d\u00e9mo personnalis\u00e9e de la solution Odigo. Contactez-nous !","robots":{"index":"index","follow":"follow","max-snippet":"max-snippet:-1","max-image-preview":"max-image-preview:large","max-video-preview":"max-video-preview:-1"},"canonical":"https:\/\/odigo-v2-develop.go-vip.net\/fr-fr\/demande-de-demo\/","og_locale":"fr_FR","og_type":"article","og_title":"Demande de d\u00e9mo","og_description":"D\u00e9couvrez comment proposer la meilleure exp\u00e9rience client possible \u00e0 travers une d\u00e9mo personnalis\u00e9e de la solution Odigo. Contactez-nous !","og_url":"https:\/\/odigo-v2-develop.go-vip.net\/fr-fr\/demande-de-demo\/","og_site_name":"Odigo France","article_modified_time":"2025-04-22T06:56:58+00:00","og_image":[{"url":"https:\/\/odigo-v2-develop.go-vip.net\/wp-content\/uploads\/2021\/04\/2021-04-15_Odigo-com_Visuals_Photo-library_L0-Home-page_1200x638px_Opt2_v2_MP-MAK.jpg?w=960"}],"twitter_card":"summary_large_image","twitter_misc":{"Est. reading time":"1 minute"},"schema":{"@context":"https:\/\/schema.org","@graph":[{"@type":"WebPage","@id":"https:\/\/odigo-v2-develop.go-vip.net\/fr-fr\/demande-de-demo\/","url":"https:\/\/odigo-v2-develop.go-vip.net\/fr-fr\/demande-de-demo\/","name":"D\u00e9couvrez la solution Odigo \u00e0 travers une d\u00e9mo personnalis\u00e9e","isPartOf":{"@id":"https:\/\/odigo-v2-develop.go-vip.net\/fr-fr\/#website"},"primaryImageOfPage":{"@id":"https:\/\/odigo-v2-develop.go-vip.net\/fr-fr\/demande-de-demo\/#primaryimage"},"image":{"@id":"https:\/\/odigo-v2-develop.go-vip.net\/fr-fr\/demande-de-demo\/#primaryimage"},"thumbnailUrl":"https:\/\/odigo-v2-develop.go-vip.net\/wp-content\/uploads\/2021\/04\/2021-04-15_Odigo-com_Visuals_Photo-library_L0-Home-page_1200x638px_Opt2_v2_MP-MAK.jpg?w=960","datePublished":"2021-04-16T11:53:40+00:00","dateModified":"2025-04-22T06:56:58+00:00","description":"D\u00e9couvrez comment proposer la meilleure exp\u00e9rience client possible \u00e0 travers une d\u00e9mo personnalis\u00e9e de la solution Odigo. Contactez-nous !","breadcrumb":{"@id":"https:\/\/odigo-v2-develop.go-vip.net\/fr-fr\/demande-de-demo\/#breadcrumb"},"inLanguage":"fr-FR","potentialAction":[{"@type":"ReadAction","target":["https:\/\/odigo-v2-develop.go-vip.net\/fr-fr\/demande-de-demo\/"]}]},{"@type":"ImageObject","inLanguage":"fr-FR","@id":"https:\/\/odigo-v2-develop.go-vip.net\/fr-fr\/demande-de-demo\/#primaryimage","url":"https:\/\/odigo-v2-develop.go-vip.net\/wp-content\/uploads\/2021\/04\/2021-04-15_Odigo-com_Visuals_Photo-library_L0-Home-page_1200x638px_Opt2_v2_MP-MAK.jpg?w=960","contentUrl":"https:\/\/odigo-v2-develop.go-vip.net\/wp-content\/uploads\/2021\/04\/2021-04-15_Odigo-com_Visuals_Photo-library_L0-Home-page_1200x638px_Opt2_v2_MP-MAK.jpg?w=960"},{"@type":"BreadcrumbList","@id":"https:\/\/odigo-v2-develop.go-vip.net\/fr-fr\/demande-de-demo\/#breadcrumb","itemListElement":[{"@type":"ListItem","position":1,"name":"Home","item":"https:\/\/odigo-v2-develop.go-vip.net\/fr-fr\/"},{"@type":"ListItem","position":2,"name":"Demande de d\u00e9mo"}]},{"@type":"WebSite","@id":"https:\/\/odigo-v2-develop.go-vip.net\/fr-fr\/#website","url":"https:\/\/odigo-v2-develop.go-vip.net\/fr-fr\/","name":"Odigo France","description":"Leader des solutions cloud de centres de contacts","potentialAction":[{"@type":"SearchAction","target":{"@type":"EntryPoint","urlTemplate":"https:\/\/odigo-v2-develop.go-vip.net\/fr-fr\/?s={search_term_string}"},"query-input":"required name=search_term_string"}],"inLanguage":"fr-FR"}]}},"_links":{"self":[{"href":"https:\/\/odigo-v2-develop.go-vip.net\/fr-fr\/wp-json\/wp\/v2\/pages\/2407","targetHints":{"allow":["GET"]}}],"collection":[{"href":"https:\/\/odigo-v2-develop.go-vip.net\/fr-fr\/wp-json\/wp\/v2\/pages"}],"about":[{"href":"https:\/\/odigo-v2-develop.go-vip.net\/fr-fr\/wp-json\/wp\/v2\/types\/page"}],"author":[{"embeddable":true,"href":"https:\/\/odigo-v2-develop.go-vip.net\/fr-fr\/wp-json\/wp\/v2\/users\/22"}],"replies":[{"embeddable":true,"href":"https:\/\/odigo-v2-develop.go-vip.net\/fr-fr\/wp-json\/wp\/v2\/comments?post=2407"}],"version-history":[{"count":6,"href":"https:\/\/odigo-v2-develop.go-vip.net\/fr-fr\/wp-json\/wp\/v2\/pages\/2407\/revisions"}],"predecessor-version":[{"id":20492,"href":"https:\/\/odigo-v2-develop.go-vip.net\/fr-fr\/wp-json\/wp\/v2\/pages\/2407\/revisions\/20492"}],"wp:attachment":[{"href":"https:\/\/odigo-v2-develop.go-vip.net\/fr-fr\/wp-json\/wp\/v2\/media?parent=2407"}],"wp:term":[{"taxonomy":"topic","embeddable":true,"href":"https:\/\/odigo-v2-develop.go-vip.net\/fr-fr\/wp-json\/wp\/v2\/topic?post=2407"}],"curies":[{"name":"wp","href":"https:\/\/api.w.org\/{rel}","templated":true}]}}