{"id":9029,"date":"2022-04-04T14:27:30","date_gmt":"2022-04-04T14:27:30","guid":{"rendered":"https:\/\/odigo-v2-develop.go-vip.net\/es-es\/?page_id=9029"},"modified":"2023-10-03T09:05:05","modified_gmt":"2023-10-03T09:05:05","slug":"odigo-partners","status":"publish","type":"page","link":"https:\/\/odigo-v2-develop.go-vip.net\/es-es\/odigo-partners\/","title":{"rendered":"Odigo Partners"},"content":{"rendered":"\n<section class=\"wp-block-odigo-blocks-intro undefined intro is-style-with-bg\" style=\"background-image:url(https:\/\/odigo-v2-develop.go-vip.net\/wp-content\/uploads\/2021\/04\/2021-04-15_Odigo-com_Visuals_Photo-library_L1_Partners_Photo-9_1920x1080px_Opt1_v1_MP-MAK.jpg)\"><div class=\"section-top\"><div class=\"container\"><div class=\"row\"><div class=\"col-md-8 offset-md-2\"><h1>Los partners de Odigo<\/h1>Odigo est\u00e1 deseando crear asociaciones con personas y marcas abiertas, afines, dedicadas y apasionadas que aspiran a la mejora perpetua de la experiencia del cliente omnicanal.<\/div><\/div><\/div><\/div><\/section>\n\n\n\n<section class=\"wp-block-odigo-blocks-section-opening undefined section\" style=\"background-image:url()\"><div class=\"section-top\"><div class=\"container\"><div class=\"row\"><div class=\"col-md-8 offset-md-2\"><h2>Integradores de Odigo<\/h2><div class=\"subtitle1\">Establecemos importantes alianzas con integradores que comparten nuestra pasi\u00f3n y visi\u00f3n para la mejora continua de las experiencias de cliente a trav\u00e9s de todos los canales.<\/div><\/div><\/div><\/div><\/div><\/section>\n\n\n\n<section class=\"wp-block-odigo-blocks-two-columns-with-content section section--2col--media undefined\"><div class=\"container\"><div class=\"row row-boxes\"><div class=\"col-md-10 offset-md-1\"><div class=\"box box--row\"><div class=\"row\"><div class=\"order-lg-1 col-lg-6 order-1 section--2col--media__img\"><img decoding=\"async\" src=\"https:\/\/odigo-v2-develop.go-vip.net\/wp-content\/uploads\/2021\/04\/2021-04-15_Odigo-com_Visuals_Photo-library_L1_Partners_458x266px_Opt1_v2_MP-MAK.jpg\" alt=\"\" width=\"100%\"\/><\/div><div class=\"order-lg-2 col-lg-6 box-inner order-2 \"><h3>Encuentra un integrador<\/h3><ul class=\"ul-icon\"><li>Los partners integradores son l\u00edderes en el negocio de los contact centers.<\/li><li>Soluciones construidas con tecnolog\u00edas de \u00faltima generaci\u00f3n para clientes en todo el mundo.<\/li><li>Los integradores implementan versiones personalizadas de las soluciones Odigo.<\/li><li>Servicios de consultor\u00eda adicionales para ayudarte a ofrecer una excelente experiencia de cliente.<\/li><\/ul><a class=\"button-icon\" href=\"https:\/\/odigo-v2-develop.go-vip.net\/es-es\/odigo-partners\/integradores-de-odigo\/encuentra-un-integrador\/\">Encuentra un integrador<\/a><\/div><\/div><\/div><\/div><\/div><\/div><\/section>\n\n\n\n<section class=\"wp-block-odigo-blocks-two-columns-with-content section section--2col--media undefined\"><div class=\"container\"><div class=\"row row-boxes\"><div class=\"col-md-10 offset-md-1\"><div class=\"box box--row\"><div class=\"row\"><div class=\"order-lg-2 col-lg-6 order-1 section--2col--media__img\"><img decoding=\"async\" src=\"https:\/\/odigo-v2-develop.go-vip.net\/es-es\/wp-content\/uploads\/sites\/6\/2022\/03\/2022-02-28_Website_Microsite_L1-Partners_458x266px_shutterstock_370390046.jpg\" alt=\"\" width=\"100%\"\/><\/div><div class=\"order-lg-1 col-lg-6 box-inner order-2 \"><h3>Hazte integrador<\/h3><ul class=\"ul-icon\"><li>Estrategias claras de go-to-market de un l\u00edder del mercado empresarial.<\/li><li>Acceso exclusivo a un portal de recursos completo con materiales personalizados de ventas, marketing y formaci\u00f3n.<\/li><li>Soporte t\u00e9cnico de profesionales y expertos especializados en cada fase de tu compromiso con el cliente.<\/li><li>Amplias oportunidades de generaci\u00f3n de leads y ventas.<\/li><\/ul><a class=\"button-icon\" href=\"https:\/\/odigo-v2-develop.go-vip.net\/es-es\/odigo-partners\/integradores-de-odigo\/hazte-integrador\/\">Hazte integrador<\/a><\/div><\/div><\/div><\/div><\/div><\/div><\/section>\n\n\n\n<section class=\"wp-block-odigo-blocks-section-opening undefined section\" style=\"background-image:url()\"><div class=\"section-top\"><div class=\"container\"><div class=\"row\"><div class=\"col-md-8 offset-md-2\"><h2>Odigo Connect<\/h2><div class=\"subtitle1\">Odigo Connect es nuestro ecosistema, que presenta proveedores cuyas soluciones complementan las de Odigo para ofrecer la mejor experiencia de cliente imaginable.<\/div><\/div><\/div><\/div><\/div><\/section>\n\n\n\n<section class=\"section section--2col--media\" class=\"wp-block-odigo-blocks-two-columns-with-content\"><div class=\"container\"><div class=\"row row-boxes\"><div class=\"col-md-10 offset-md-1\"><div class=\"box box--row\"><div class=\"row\"><div class=\"order-lg-1 col-lg-6 order-1\"><img decoding=\"async\" src=\"https:\/\/odigo-v2-develop.go-vip.net\/es-es\/wp-content\/uploads\/sites\/6\/2022\/03\/2022-02-28_Website_Microsite_L1-Partners_458x266px_shutterstock_1383106253.jpg\" alt=\"\" width=\"100%\"\/><\/div><div class=\"order-lg-2 col-lg-6 box-inner order-2\"><h3>Beneficios para los clientes de Odigo<\/h3><ul class=\"ul-icon\"><li>Navegaci\u00f3n de b\u00fasqueda intuitiva para encontrar soluciones y socios.<\/li><li>Aprovecha las \u00faltimas innovaciones de experiencia de cliente.<\/li><li>Integra otros componentes de experiencia de cliente para impulsar tu soluci\u00f3n CCaaS.<\/li><\/ul><a class=\"button-icon\" href=\"https:\/\/connect.odigo.com\/\">Acceder a Odigo Connect<\/a><\/div><\/div><\/div><\/div><\/div><\/div><\/section>\n\n\n\n<section class=\"wp-block-odigo-blocks-two-columns-with-content section section--2col--media undefined\"><div class=\"container\"><div class=\"row row-boxes\"><div class=\"col-md-10 offset-md-1\"><div class=\"box box--row\"><div class=\"row\"><div class=\"order-lg-2 col-lg-6 order-1 section--2col--media__img\"><img decoding=\"async\" src=\"https:\/\/odigo-v2-develop.go-vip.net\/wp-content\/uploads\/2021\/04\/2021-04-16_Odigo-com_Visuals_Photo-library_L1_Partners_458x266px_Opt1_v3_MP-MAK-1.jpg\" alt=\"\" width=\"100%\"\/><\/div><div class=\"order-lg-1 col-lg-6 box-inner order-2 \"><h3>Beneficios para los socios tecnol\u00f3gicos de Odigo<\/h3><ul class=\"ul-icon\"><li>Acceso a una amplia red de clientes de Odigo Enterprise.<\/li><li>Aumento del negocio con los leads generados por Odigo.<\/li><li>Aprovecha las campa\u00f1as promocionales de Odigo.<\/li><\/ul><a class=\"button-icon\" href=\"https:\/\/odigo-v2-develop.go-vip.net\/es-es\/odigo-partners\/odigo-connect\/unete-a-odigo-connect\/\">\u00danete a Odigo Connect<\/a><\/div><\/div><\/div><\/div><\/div><\/div><\/section>\n\n\n\n<p><\/p>\n","protected":false},"excerpt":{"rendered":"","protected":false},"author":26,"featured_media":0,"parent":0,"menu_order":0,"comment_status":"closed","ping_status":"closed","template":"","meta":{"_acf_changed":false,"footnotes":""},"topic":[],"class_list":["post-9029","page","type-page","status-publish","hentry"],"acf":[],"yoast_head":"<!-- This site is optimized with the Yoast SEO Premium plugin v18.4 (Yoast SEO v22.9) - https:\/\/yoast.com\/wordpress\/plugins\/seo\/ -->\n<title>Odigo Partners - Odigo Espanol<\/title>\n<meta name=\"robots\" content=\"noindex, nofollow\" \/>\n<meta property=\"og:locale\" content=\"es_ES\" \/>\n<meta property=\"og:type\" content=\"article\" \/>\n<meta property=\"og:title\" content=\"Odigo Partners\" \/>\n<meta property=\"og:url\" content=\"https:\/\/odigo-v2-develop.go-vip.net\/es-es\/odigo-partners\/\" \/>\n<meta property=\"og:site_name\" content=\"Odigo Espanol\" \/>\n<meta property=\"article:modified_time\" content=\"2023-10-03T09:05:05+00:00\" \/>\n<meta property=\"og:image\" content=\"https:\/\/odigo-v2-develop.go-vip.net\/wp-content\/uploads\/2021\/04\/2021-04-15_Odigo-com_Visuals_Photo-library_L1_Partners_458x266px_Opt1_v2_MP-MAK.jpg\" \/>\n<meta name=\"twitter:card\" content=\"summary_large_image\" \/>\n<meta name=\"twitter:label1\" content=\"Est. reading time\" \/>\n\t<meta name=\"twitter:data1\" content=\"3 minutos\" \/>\n<script type=\"application\/ld+json\" class=\"yoast-schema-graph\">{\"@context\":\"https:\/\/schema.org\",\"@graph\":[{\"@type\":\"WebPage\",\"@id\":\"https:\/\/odigo-v2-develop.go-vip.net\/es-es\/odigo-partners\/\",\"url\":\"https:\/\/odigo-v2-develop.go-vip.net\/es-es\/odigo-partners\/\",\"name\":\"Odigo Partners - Odigo Espanol\",\"isPartOf\":{\"@id\":\"https:\/\/odigo-v2-develop.go-vip.net\/es-es\/#website\"},\"primaryImageOfPage\":{\"@id\":\"https:\/\/odigo-v2-develop.go-vip.net\/es-es\/odigo-partners\/#primaryimage\"},\"image\":{\"@id\":\"https:\/\/odigo-v2-develop.go-vip.net\/es-es\/odigo-partners\/#primaryimage\"},\"thumbnailUrl\":\"https:\/\/odigo-v2-develop.go-vip.net\/wp-content\/uploads\/2021\/04\/2021-04-15_Odigo-com_Visuals_Photo-library_L1_Partners_458x266px_Opt1_v2_MP-MAK.jpg\",\"datePublished\":\"2022-04-04T14:27:30+00:00\",\"dateModified\":\"2023-10-03T09:05:05+00:00\",\"breadcrumb\":{\"@id\":\"https:\/\/odigo-v2-develop.go-vip.net\/es-es\/odigo-partners\/#breadcrumb\"},\"inLanguage\":\"es\",\"potentialAction\":[{\"@type\":\"ReadAction\",\"target\":[\"https:\/\/odigo-v2-develop.go-vip.net\/es-es\/odigo-partners\/\"]}]},{\"@type\":\"ImageObject\",\"inLanguage\":\"es\",\"@id\":\"https:\/\/odigo-v2-develop.go-vip.net\/es-es\/odigo-partners\/#primaryimage\",\"url\":\"https:\/\/odigo-v2-develop.go-vip.net\/wp-content\/uploads\/2021\/04\/2021-04-15_Odigo-com_Visuals_Photo-library_L1_Partners_458x266px_Opt1_v2_MP-MAK.jpg\",\"contentUrl\":\"https:\/\/odigo-v2-develop.go-vip.net\/wp-content\/uploads\/2021\/04\/2021-04-15_Odigo-com_Visuals_Photo-library_L1_Partners_458x266px_Opt1_v2_MP-MAK.jpg\"},{\"@type\":\"BreadcrumbList\",\"@id\":\"https:\/\/odigo-v2-develop.go-vip.net\/es-es\/odigo-partners\/#breadcrumb\",\"itemListElement\":[{\"@type\":\"ListItem\",\"position\":1,\"name\":\"Home\",\"item\":\"https:\/\/odigo-v2-develop.go-vip.net\/es-es\/\"},{\"@type\":\"ListItem\",\"position\":2,\"name\":\"Odigo Partners\"}]},{\"@type\":\"WebSite\",\"@id\":\"https:\/\/odigo-v2-develop.go-vip.net\/es-es\/#website\",\"url\":\"https:\/\/odigo-v2-develop.go-vip.net\/es-es\/\",\"name\":\"Odigo Espanol\",\"description\":\"Just another www.odigo.com site\",\"potentialAction\":[{\"@type\":\"SearchAction\",\"target\":{\"@type\":\"EntryPoint\",\"urlTemplate\":\"https:\/\/odigo-v2-develop.go-vip.net\/es-es\/?s={search_term_string}\"},\"query-input\":\"required name=search_term_string\"}],\"inLanguage\":\"es\"}]}<\/script>\n<!-- \/ Yoast SEO Premium plugin. -->","yoast_head_json":{"title":"Odigo Partners - Odigo Espanol","robots":{"index":"noindex","follow":"nofollow"},"og_locale":"es_ES","og_type":"article","og_title":"Odigo Partners","og_url":"https:\/\/odigo-v2-develop.go-vip.net\/es-es\/odigo-partners\/","og_site_name":"Odigo Espanol","article_modified_time":"2023-10-03T09:05:05+00:00","og_image":[{"url":"https:\/\/odigo-v2-develop.go-vip.net\/wp-content\/uploads\/2021\/04\/2021-04-15_Odigo-com_Visuals_Photo-library_L1_Partners_458x266px_Opt1_v2_MP-MAK.jpg"}],"twitter_card":"summary_large_image","twitter_misc":{"Est. reading time":"3 minutos"},"schema":{"@context":"https:\/\/schema.org","@graph":[{"@type":"WebPage","@id":"https:\/\/odigo-v2-develop.go-vip.net\/es-es\/odigo-partners\/","url":"https:\/\/odigo-v2-develop.go-vip.net\/es-es\/odigo-partners\/","name":"Odigo Partners - Odigo Espanol","isPartOf":{"@id":"https:\/\/odigo-v2-develop.go-vip.net\/es-es\/#website"},"primaryImageOfPage":{"@id":"https:\/\/odigo-v2-develop.go-vip.net\/es-es\/odigo-partners\/#primaryimage"},"image":{"@id":"https:\/\/odigo-v2-develop.go-vip.net\/es-es\/odigo-partners\/#primaryimage"},"thumbnailUrl":"https:\/\/odigo-v2-develop.go-vip.net\/wp-content\/uploads\/2021\/04\/2021-04-15_Odigo-com_Visuals_Photo-library_L1_Partners_458x266px_Opt1_v2_MP-MAK.jpg","datePublished":"2022-04-04T14:27:30+00:00","dateModified":"2023-10-03T09:05:05+00:00","breadcrumb":{"@id":"https:\/\/odigo-v2-develop.go-vip.net\/es-es\/odigo-partners\/#breadcrumb"},"inLanguage":"es","potentialAction":[{"@type":"ReadAction","target":["https:\/\/odigo-v2-develop.go-vip.net\/es-es\/odigo-partners\/"]}]},{"@type":"ImageObject","inLanguage":"es","@id":"https:\/\/odigo-v2-develop.go-vip.net\/es-es\/odigo-partners\/#primaryimage","url":"https:\/\/odigo-v2-develop.go-vip.net\/wp-content\/uploads\/2021\/04\/2021-04-15_Odigo-com_Visuals_Photo-library_L1_Partners_458x266px_Opt1_v2_MP-MAK.jpg","contentUrl":"https:\/\/odigo-v2-develop.go-vip.net\/wp-content\/uploads\/2021\/04\/2021-04-15_Odigo-com_Visuals_Photo-library_L1_Partners_458x266px_Opt1_v2_MP-MAK.jpg"},{"@type":"BreadcrumbList","@id":"https:\/\/odigo-v2-develop.go-vip.net\/es-es\/odigo-partners\/#breadcrumb","itemListElement":[{"@type":"ListItem","position":1,"name":"Home","item":"https:\/\/odigo-v2-develop.go-vip.net\/es-es\/"},{"@type":"ListItem","position":2,"name":"Odigo Partners"}]},{"@type":"WebSite","@id":"https:\/\/odigo-v2-develop.go-vip.net\/es-es\/#website","url":"https:\/\/odigo-v2-develop.go-vip.net\/es-es\/","name":"Odigo Espanol","description":"Just another www.odigo.com site","potentialAction":[{"@type":"SearchAction","target":{"@type":"EntryPoint","urlTemplate":"https:\/\/odigo-v2-develop.go-vip.net\/es-es\/?s={search_term_string}"},"query-input":"required name=search_term_string"}],"inLanguage":"es"}]}},"_links":{"self":[{"href":"https:\/\/odigo-v2-develop.go-vip.net\/es-es\/wp-json\/wp\/v2\/pages\/9029","targetHints":{"allow":["GET"]}}],"collection":[{"href":"https:\/\/odigo-v2-develop.go-vip.net\/es-es\/wp-json\/wp\/v2\/pages"}],"about":[{"href":"https:\/\/odigo-v2-develop.go-vip.net\/es-es\/wp-json\/wp\/v2\/types\/page"}],"author":[{"embeddable":true,"href":"https:\/\/odigo-v2-develop.go-vip.net\/es-es\/wp-json\/wp\/v2\/users\/26"}],"replies":[{"embeddable":true,"href":"https:\/\/odigo-v2-develop.go-vip.net\/es-es\/wp-json\/wp\/v2\/comments?post=9029"}],"version-history":[{"count":12,"href":"https:\/\/odigo-v2-develop.go-vip.net\/es-es\/wp-json\/wp\/v2\/pages\/9029\/revisions"}],"predecessor-version":[{"id":12211,"href":"https:\/\/odigo-v2-develop.go-vip.net\/es-es\/wp-json\/wp\/v2\/pages\/9029\/revisions\/12211"}],"wp:attachment":[{"href":"https:\/\/odigo-v2-develop.go-vip.net\/es-es\/wp-json\/wp\/v2\/media?parent=9029"}],"wp:term":[{"taxonomy":"topic","embeddable":true,"href":"https:\/\/odigo-v2-develop.go-vip.net\/es-es\/wp-json\/wp\/v2\/topic?post=9029"}],"curies":[{"name":"wp","href":"https:\/\/api.w.org\/{rel}","templated":true}]}}