{"id":383,"date":"2021-03-19T09:06:40","date_gmt":"2021-03-19T09:06:40","guid":{"rendered":"https:\/\/odigo.wp-stage.macs.capgemini.com\/?page_id=383"},"modified":"2024-03-11T10:49:56","modified_gmt":"2024-03-11T10:49:56","slug":"servicios","status":"publish","type":"page","link":"https:\/\/odigo-v2-develop.go-vip.net\/es-es\/servicios\/","title":{"rendered":"Servicios"},"content":{"rendered":"\n<section class=\"wp-block-odigo-blocks-intro undefined intro is-style-with-bg\" style=\"background-image:url(https:\/\/odigo-v2-develop.go-vip.net\/wp-content\/uploads\/2021\/04\/2021-04-20_Odigo-com_Visuals_Photo-library_L1-Services_1920x1080px_Opt1_v1_DS-1.jpg)\"><div class=\"section-top\"><div class=\"container\"><div class=\"row\"><div class=\"col-md-8 offset-md-2\"><h1><strong><strong>Maximiza el valor de tu inversi\u00f3n en centros de contacto con los servicios de Odigo\u00a0<\/strong><\/strong><\/h1><strong><strong>Para cada paso de tu viaje CCaaS, los servicios Odigo impulsan el compromiso del usuario, optimizan la funcionalidad y elevan los est\u00e1ndares de servicio.<\/strong><\/strong><div class=\"buttons buttons--horizontal\"><a class=\"button-icon\" href=\"https:\/\/odigo-v2-develop.go-vip.net\/es-es\/sobre-nosotros\/contacto\/\" target=\"\" rel=\"noopener noreferrer\">Contacta con nosotros<\/a><\/div><\/div><\/div><\/div><\/div><\/section>\n\n\n\n<section class=\"wp-block-odigo-blocks-section-opening undefined section\"><div class=\"section-top\"><div class=\"container\"><div class=\"row\"><div class=\"col-md-8 offset-md-2\"><h2><strong><strong>Combina la tecnolog\u00eda visionaria del centro de contacto con el asesoramiento, la orientaci\u00f3n y el soporte de expertos.<\/strong><\/strong><\/h2><div class=\"subtitle1\"><strong><strong>Odigo no s\u00f3lo ofrece software de vanguardia. Nuestra amplia gama de servicios le ayuda a aprovechar la tecnolog\u00eda de una manera que se adapte a su negocio, sus agentes y sus clientes.<\/strong><\/strong><\/div><\/div><\/div><\/div><\/div><\/section>\n\n\n\n<section class=\"wp-block-odigo-blocks-two-columns-with-content section section--2col--media undefined\"><div class=\"container\"><div class=\"row row-boxes\"><div class=\"col-md-10 offset-md-1\"><div class=\"box box--row\"><div class=\"row\"><div class=\"order-lg-1 col-lg-6 order-1 section--2col--media__img\"><img decoding=\"async\" src=\"https:\/\/odigo-v2-develop.go-vip.net\/wp-content\/uploads\/2021\/04\/2021-04-20_Odigo-com_Visuals_Photo-library_L1-Services_458x266px_Opt1_v1_DS-1.jpg\" alt=\"\" width=\"100%\" \/><\/div><div class=\"order-lg-2 col-lg-6 box-inner order-2 \"><h3><strong><strong>Experiencia en soluciones<\/strong><\/strong><\/h3><p class=\"body3\">Nunca deja de innovar y mejorar. Aprovecha nuestra experiencia empresarial, formaci\u00f3n y consultor\u00eda para sacar partido de todas las funciones a medida que tu organizaci\u00f3n y nuestra soluci\u00f3n evolucionan.<\/p><\/div><\/div><\/div><\/div><\/div><\/div><\/section>\n\n\n\n<section class=\"wp-block-odigo-blocks-two-columns-with-content section section--2col--media undefined\"><div class=\"container\"><div class=\"row row-boxes\"><div class=\"col-md-10 offset-md-1\"><div class=\"box box--row\"><div class=\"row\"><div class=\"order-lg-2 col-lg-6 order-1 section--2col--media__img\"><img decoding=\"async\" src=\"https:\/\/odigo-v2-develop.go-vip.net\/wp-content\/uploads\/2021\/04\/2021-04-20_Odigo-com_Visuals_Photo-library_L1-Services_458x266px_Opt1_v1_DS-2.jpg\" alt=\"\" width=\"100%\" \/><\/div><div class=\"order-lg-1 col-lg-6 box-inner order-2 \"><h3>Estrategia<\/h3><p class=\"body3\">Supera tus puntos d\u00e9biles y haz realidad tus objetivos a largo plazo. Nuestros servicios de consultor\u00eda de calidad y nuestro profundo conocimiento de la soluci\u00f3n Odigo\u2122 pueden transformar tu CX.<\/p><\/div><\/div><\/div><\/div><\/div><\/div><\/section>\n\n\n\n<section class=\"wp-block-odigo-blocks-section-opening undefined section\"><div class=\"section-top\"><div class=\"container\"><div class=\"row\"><div class=\"col-md-8 offset-md-2\"><div class=\"section-tag\">CARACTER\u00cdSTICAS<\/div><h2><strong><strong>Consigue el nivel de soporte que necesitas para sobresalir con los servicios de Odigo<\/strong><\/strong><\/h2><\/div><\/div><\/div><\/div><\/section>\n\n\n\n<section style=\" padding-top: 40px;\" class=\"align wp-block-oab-grid-with-grey-boxes\">\n        <div class=\"container\">\n       <div class=\"row row-boxes\" style=\"\">\n               \n                   <div class=\"oab-grid-with-grey-boxes__box-container col-md-6 col-lg-3\">\n                                              <div class=\"oab-grid-with-grey-boxes__box  \" style=\"\">\n\n                                                      \n\n                                                          <h3 style=\"min-height: 80px; \" class=\"oab-grid-with-grey-boxes__box-title-pink\"><a href=\"https:\/\/odigo-v2-develop.go-vip.net\/es-es\/servicios\/customer-care\/\" style=\"color: ; font-size: 24\">Customer Care<\/a><\/h3>\n                                                      <div class=\"oab-grid-with-grey-boxes__text-container\" style=\"\">\n                           <p class=\"oab-grid-with-grey-boxes__box-desc\" style=\"color: ;font-size: 14px\">\n                               Aseg\u00farate de que tu centro de contacto puede ofrecer el m\u00e1ximo nivel de servicio a tus clientes sin interrupciones gracias al soporte 24\/7\/365.                           <\/p>\n                                                          <div class=\"oab-grid-with-grey-boxes__box-link\"><a href=\"https:\/\/odigo-v2-develop.go-vip.net\/es-es\/servicios\/customer-care\/\" style=\"color: ; \">Saber m\u00e1s <span><\/span><\/a><\/div>\n                                                      <\/div>\n                       <\/div>\n                   <\/div>\n               \n                   <div class=\"oab-grid-with-grey-boxes__box-container col-md-6 col-lg-3\">\n                                              <div class=\"oab-grid-with-grey-boxes__box  \" style=\"\">\n\n                                                      \n\n                                                          <h3 style=\"min-height: 80px; \" class=\"oab-grid-with-grey-boxes__box-title-pink\"><a href=\"https:\/\/odigo-v2-develop.go-vip.net\/es-es\/servicios\/odigo-customer-success\/\" style=\"color: ; font-size: 24\">Customer Success<\/a><\/h3>\n                                                      <div class=\"oab-grid-with-grey-boxes__text-container\" style=\"\">\n                           <p class=\"oab-grid-with-grey-boxes__box-desc\" style=\"color: ;font-size: 14px\">\n                               Asegura el \u00e9xito a largo plazo con un partner de \u00e9xito del cliente que pueda guiarte a trav\u00e9s del despliegue, maximizando la adopci\u00f3n del usuario y optimizando el rendimiento a medida que cambian tus necesidades.                           <\/p>\n                                                          <div class=\"oab-grid-with-grey-boxes__box-link\"><a href=\"https:\/\/odigo-v2-develop.go-vip.net\/es-es\/servicios\/odigo-customer-success\/\" style=\"color: ; \">Saber m\u00e1s <span><\/span><\/a><\/div>\n                                                      <\/div>\n                       <\/div>\n                   <\/div>\n               \n                   <div class=\"oab-grid-with-grey-boxes__box-container col-md-6 col-lg-3\">\n                                              <div class=\"oab-grid-with-grey-boxes__box  \" style=\"\">\n\n                                                      \n\n                                                          <h3 style=\"min-height: 80px; \" class=\"oab-grid-with-grey-boxes__box-title-pink\"><a href=\"https:\/\/odigo-v2-develop.go-vip.net\/es-es\/servicios\/odigo-servicios-profesionales\/\" style=\"color: ; font-size: 24\">Servicios profesionales<\/a><\/h3>\n                                                      <div class=\"oab-grid-with-grey-boxes__text-container\" style=\"\">\n                           <p class=\"oab-grid-with-grey-boxes__box-desc\" style=\"color: ;font-size: 14px\">\n                               Configura la soluci\u00f3n CCaaS de Odigo para satisfacer tus necesidades \u00fanicas y alcanzar tus objetivos con el asesoramiento y soporte de expertos tanto en caracter\u00edsticas t\u00e9cnicas nuevas como avanzadas.                           <\/p>\n                                                          <div class=\"oab-grid-with-grey-boxes__box-link\"><a href=\"https:\/\/odigo-v2-develop.go-vip.net\/es-es\/servicios\/odigo-servicios-profesionales\/\" style=\"color: ; \">Saber m\u00e1s <span><\/span><\/a><\/div>\n                                                      <\/div>\n                       <\/div>\n                   <\/div>\n               \n                   <div class=\"oab-grid-with-grey-boxes__box-container col-md-6 col-lg-3\">\n                                              <div class=\"oab-grid-with-grey-boxes__box  \" style=\"\">\n\n                                                      \n\n                                                          <h3 style=\"min-height: 80px; \" class=\"oab-grid-with-grey-boxes__box-title-pink\"><a href=\"https:\/\/odigo-v2-develop.go-vip.net\/es-es\/servicios\/odigo-university\/\" style=\"color: ; font-size: 24\">Odigo University<\/a><\/h3>\n                                                      <div class=\"oab-grid-with-grey-boxes__text-container\" style=\"\">\n                           <p class=\"oab-grid-with-grey-boxes__box-desc\" style=\"color: ;font-size: 14px\">\n                               Capacita a tus agentes con una transici\u00f3n sin problemas a la nueva soluci\u00f3n de centro de contacto y un dominio seguro de las habilidades esenciales del d\u00eda a d\u00eda o avanzadas.                           <\/p>\n                                                          <div class=\"oab-grid-with-grey-boxes__box-link\"><a href=\"https:\/\/odigo-v2-develop.go-vip.net\/es-es\/servicios\/odigo-university\/\" style=\"color: ; \">Saber m\u00e1s <span><\/span><\/a><\/div>\n                                                      <\/div>\n                       <\/div>\n                   <\/div>\n                      <\/div>\n    <\/div>\n<\/section>\n\n\n\n\n<section class=\"wp-block-odigo-blocks-section-opening undefined section\"><div class=\"section-top\"><div class=\"container\"><div class=\"row\"><div class=\"col-md-8 offset-md-2\"><div class=\"section-tag\">La voz del experto<\/div><\/div><\/div><\/div><\/div><\/section>\n\n\n\n\t<section class=\"section section--testimonial-partner2 section--testimonial--red\">\n\t\t<div class=\"container\">\n\t\t\t<div class=\"row\">\n\t\t\t\t<div class=\"col-lg-7 offset-lg-1 col-left single-quote-data\">\n\t\t\t\t\t<blockquote>Nos sentimos orgullosos de nuestra capacidad para ofrecer a nuestros clientes servicios expertos en todos los \u00e1mbitos de las soluciones de contact center, desde la planificaci\u00f3n hasta la implementaci\u00f3n y la creaci\u00f3n de resultados de gran valor a largo plazo. Nuestros servicios se benefician de 20 a\u00f1os de experiencia ofreciendo soluciones CCaaS a m\u00e1s de 200 clientes de todos los sectores.<\/blockquote>\n\t\t\t\t\t<span class=\"box-person-name\">Philippe Graimon<\/span>\n\t\t\t\t\t\t\t\t\t\t\t<span class=\"box-person-position\">Design Authority Manager | Services &amp; Operations en Odigo<\/span>\n\t\t\t\t\t\t\t\t\t\t\t\t\t\t<\/div>\n\t\t\t\t<div class=\"col-lg-3\">\n\t\t\t\t\t<div class=\"box-img\">\n\t\t\t\t\t\t<img decoding=\"async\" src=\"https:\/\/odigo-v2-develop.go-vip.net\/es-es\/wp-content\/uploads\/sites\/6\/2021\/04\/2021-04-26_Odigo-v2_People-photos_Philippe-Graimon_500x500px_Opt1_v1_AK.jpeg\" alt=\"Philippe Graimon\" \/>\n\t\t\t\t\t<\/div>\n\t\t\t\t<\/div>\n\t\t\t<\/div>\n\t\t<\/div>\n\t<\/section>\n\n\t\n\n\n<section class=\"wp-block-odigo-blocks-section-opening undefined section\"><div class=\"section-top\"><div class=\"container\"><div class=\"row\"><div class=\"col-md-8 offset-md-2\"><h2><strong><strong>Descubre c\u00f3mo los servicios de Odigo pueden ayudar a que tu negocio crezca<\/strong><\/strong><\/h2><\/div><\/div><\/div><\/div><\/section>\n\n\n  <section class=\"section request-a-demo-section\">\n    <div class=\"box-demo box-demo--1 container\">\n      <div class=\"row-nogutter\">\n        <div class=\"col-lg-5 box-img box-demo--1--col-1\">\n          <img decoding=\"async\" src=\"https:\/\/odigo-v2-develop.go-vip.net\/wp-content\/uploads\/2021\/04\/2021-04-30_Odigo.com-v2_Demo-component-image-2_600x348px_BG.jpg\" alt=\"Show more\">\n        <\/div>\n        <div class=\"col-lg-7 box-inner box-demo--1--col-2\">\n          <ul class=\"ul-icon\">\n                          <li>Consigue una experiencia de cliente excepcional<\/li>\n                                      <li>Benef\u00edciate de nuestros 20 a\u00f1os de experiencia en contact center<\/li>\n                                      <li>Maximiza el retorno de la inversi\u00f3n<\/li>\n                                  <\/ul>\n           <div class=\"flex\">\n                         <a class=\"button\" href=\"\/es-es\/solicita-una-demo-personalizada\/\">Ponte en contacto<\/a>\n                       <div class=\"phone_details-hidden\">\n               <span class=\"box-bottom-span\">o llame al <\/span>\n               <a class=\"link-request-demo\" href=\"tel:\" target=\"_blank\"><span class=\"request-demo-phone-number\"><\/span><\/a>\n               <\/div>\n           <\/div>\n           <\/div>\n        <\/div>\n      <\/div>\n    <\/div>\n  <\/section>\n  ","protected":false},"excerpt":{"rendered":"","protected":false},"author":28,"featured_media":0,"parent":0,"menu_order":0,"comment_status":"closed","ping_status":"closed","template":"","meta":{"_acf_changed":false,"footnotes":""},"topic":[],"class_list":["post-383","page","type-page","status-publish","hentry"],"acf":[],"yoast_head":"<!-- This site is optimized with the Yoast SEO Premium plugin v18.4 (Yoast SEO v22.9) - https:\/\/yoast.com\/wordpress\/plugins\/seo\/ -->\n<title>Servicios Odigo: saca el m\u00e1ximo partido a tu inversi\u00f3n en el contact center<\/title>\n<meta name=\"description\" content=\"Maximiza tu inversi\u00f3n en el contact center. Descubre c\u00f3mo lograr que tu soluci\u00f3n CCaaS responda a tus objetivos de negocio gracias a los servicios de Odigo.\" \/>\n<meta name=\"robots\" content=\"index, follow, max-snippet:-1, max-image-preview:large, max-video-preview:-1\" \/>\n<link rel=\"canonical\" href=\"https:\/\/odigo-v2-develop.go-vip.net\/es-es\/servicios\/\" \/>\n<meta property=\"og:locale\" content=\"es_ES\" \/>\n<meta property=\"og:type\" content=\"article\" \/>\n<meta property=\"og:title\" content=\"Servicios\" \/>\n<meta property=\"og:description\" content=\"Maximiza tu inversi\u00f3n en el contact center. Descubre c\u00f3mo lograr que tu soluci\u00f3n CCaaS responda a tus objetivos de negocio gracias a los servicios de Odigo.\" \/>\n<meta property=\"og:url\" content=\"https:\/\/odigo-v2-develop.go-vip.net\/es-es\/servicios\/\" \/>\n<meta property=\"og:site_name\" content=\"Odigo Espanol\" \/>\n<meta property=\"article:modified_time\" content=\"2024-03-11T10:49:56+00:00\" \/>\n<meta property=\"og:image\" content=\"https:\/\/odigo-v2-develop.go-vip.net\/wp-content\/uploads\/2021\/04\/2021-04-20_Odigo-com_Visuals_Photo-library_L1-Services_458x266px_Opt1_v1_DS-1.jpg\" \/>\n<meta name=\"twitter:card\" content=\"summary_large_image\" \/>\n<meta name=\"twitter:label1\" content=\"Est. reading time\" \/>\n\t<meta name=\"twitter:data1\" content=\"2 minutos\" \/>\n<script type=\"application\/ld+json\" class=\"yoast-schema-graph\">{\"@context\":\"https:\/\/schema.org\",\"@graph\":[{\"@type\":\"WebPage\",\"@id\":\"https:\/\/odigo-v2-develop.go-vip.net\/es-es\/servicios\/\",\"url\":\"https:\/\/odigo-v2-develop.go-vip.net\/es-es\/servicios\/\",\"name\":\"Servicios Odigo: saca el m\u00e1ximo partido a tu inversi\u00f3n en el contact center\",\"isPartOf\":{\"@id\":\"https:\/\/odigo-v2-develop.go-vip.net\/es-es\/#website\"},\"primaryImageOfPage\":{\"@id\":\"https:\/\/odigo-v2-develop.go-vip.net\/es-es\/servicios\/#primaryimage\"},\"image\":{\"@id\":\"https:\/\/odigo-v2-develop.go-vip.net\/es-es\/servicios\/#primaryimage\"},\"thumbnailUrl\":\"https:\/\/odigo-v2-develop.go-vip.net\/wp-content\/uploads\/2021\/04\/2021-04-20_Odigo-com_Visuals_Photo-library_L1-Services_458x266px_Opt1_v1_DS-1.jpg\",\"datePublished\":\"2021-03-19T09:06:40+00:00\",\"dateModified\":\"2024-03-11T10:49:56+00:00\",\"description\":\"Maximiza tu inversi\u00f3n en el contact center. Descubre c\u00f3mo lograr que tu soluci\u00f3n CCaaS responda a tus objetivos de negocio gracias a los servicios de Odigo.\",\"breadcrumb\":{\"@id\":\"https:\/\/odigo-v2-develop.go-vip.net\/es-es\/servicios\/#breadcrumb\"},\"inLanguage\":\"es\",\"potentialAction\":[{\"@type\":\"ReadAction\",\"target\":[\"https:\/\/odigo-v2-develop.go-vip.net\/es-es\/servicios\/\"]}]},{\"@type\":\"ImageObject\",\"inLanguage\":\"es\",\"@id\":\"https:\/\/odigo-v2-develop.go-vip.net\/es-es\/servicios\/#primaryimage\",\"url\":\"https:\/\/odigo-v2-develop.go-vip.net\/wp-content\/uploads\/2021\/04\/2021-04-20_Odigo-com_Visuals_Photo-library_L1-Services_458x266px_Opt1_v1_DS-1.jpg\",\"contentUrl\":\"https:\/\/odigo-v2-develop.go-vip.net\/wp-content\/uploads\/2021\/04\/2021-04-20_Odigo-com_Visuals_Photo-library_L1-Services_458x266px_Opt1_v1_DS-1.jpg\"},{\"@type\":\"BreadcrumbList\",\"@id\":\"https:\/\/odigo-v2-develop.go-vip.net\/es-es\/servicios\/#breadcrumb\",\"itemListElement\":[{\"@type\":\"ListItem\",\"position\":1,\"name\":\"Home\",\"item\":\"https:\/\/odigo-v2-develop.go-vip.net\/es-es\/\"},{\"@type\":\"ListItem\",\"position\":2,\"name\":\"Servicios\"}]},{\"@type\":\"WebSite\",\"@id\":\"https:\/\/odigo-v2-develop.go-vip.net\/es-es\/#website\",\"url\":\"https:\/\/odigo-v2-develop.go-vip.net\/es-es\/\",\"name\":\"Odigo Espanol\",\"description\":\"Just another www.odigo.com site\",\"potentialAction\":[{\"@type\":\"SearchAction\",\"target\":{\"@type\":\"EntryPoint\",\"urlTemplate\":\"https:\/\/odigo-v2-develop.go-vip.net\/es-es\/?s={search_term_string}\"},\"query-input\":\"required name=search_term_string\"}],\"inLanguage\":\"es\"}]}<\/script>\n<!-- \/ Yoast SEO Premium plugin. -->","yoast_head_json":{"title":"Servicios Odigo: saca el m\u00e1ximo partido a tu inversi\u00f3n en el contact center","description":"Maximiza tu inversi\u00f3n en el contact center. Descubre c\u00f3mo lograr que tu soluci\u00f3n CCaaS responda a tus objetivos de negocio gracias a los servicios de Odigo.","robots":{"index":"index","follow":"follow","max-snippet":"max-snippet:-1","max-image-preview":"max-image-preview:large","max-video-preview":"max-video-preview:-1"},"canonical":"https:\/\/odigo-v2-develop.go-vip.net\/es-es\/servicios\/","og_locale":"es_ES","og_type":"article","og_title":"Servicios","og_description":"Maximiza tu inversi\u00f3n en el contact center. Descubre c\u00f3mo lograr que tu soluci\u00f3n CCaaS responda a tus objetivos de negocio gracias a los servicios de Odigo.","og_url":"https:\/\/odigo-v2-develop.go-vip.net\/es-es\/servicios\/","og_site_name":"Odigo Espanol","article_modified_time":"2024-03-11T10:49:56+00:00","og_image":[{"url":"https:\/\/odigo-v2-develop.go-vip.net\/wp-content\/uploads\/2021\/04\/2021-04-20_Odigo-com_Visuals_Photo-library_L1-Services_458x266px_Opt1_v1_DS-1.jpg"}],"twitter_card":"summary_large_image","twitter_misc":{"Est. reading time":"2 minutos"},"schema":{"@context":"https:\/\/schema.org","@graph":[{"@type":"WebPage","@id":"https:\/\/odigo-v2-develop.go-vip.net\/es-es\/servicios\/","url":"https:\/\/odigo-v2-develop.go-vip.net\/es-es\/servicios\/","name":"Servicios Odigo: saca el m\u00e1ximo partido a tu inversi\u00f3n en el contact center","isPartOf":{"@id":"https:\/\/odigo-v2-develop.go-vip.net\/es-es\/#website"},"primaryImageOfPage":{"@id":"https:\/\/odigo-v2-develop.go-vip.net\/es-es\/servicios\/#primaryimage"},"image":{"@id":"https:\/\/odigo-v2-develop.go-vip.net\/es-es\/servicios\/#primaryimage"},"thumbnailUrl":"https:\/\/odigo-v2-develop.go-vip.net\/wp-content\/uploads\/2021\/04\/2021-04-20_Odigo-com_Visuals_Photo-library_L1-Services_458x266px_Opt1_v1_DS-1.jpg","datePublished":"2021-03-19T09:06:40+00:00","dateModified":"2024-03-11T10:49:56+00:00","description":"Maximiza tu inversi\u00f3n en el contact center. Descubre c\u00f3mo lograr que tu soluci\u00f3n CCaaS responda a tus objetivos de negocio gracias a los servicios de Odigo.","breadcrumb":{"@id":"https:\/\/odigo-v2-develop.go-vip.net\/es-es\/servicios\/#breadcrumb"},"inLanguage":"es","potentialAction":[{"@type":"ReadAction","target":["https:\/\/odigo-v2-develop.go-vip.net\/es-es\/servicios\/"]}]},{"@type":"ImageObject","inLanguage":"es","@id":"https:\/\/odigo-v2-develop.go-vip.net\/es-es\/servicios\/#primaryimage","url":"https:\/\/odigo-v2-develop.go-vip.net\/wp-content\/uploads\/2021\/04\/2021-04-20_Odigo-com_Visuals_Photo-library_L1-Services_458x266px_Opt1_v1_DS-1.jpg","contentUrl":"https:\/\/odigo-v2-develop.go-vip.net\/wp-content\/uploads\/2021\/04\/2021-04-20_Odigo-com_Visuals_Photo-library_L1-Services_458x266px_Opt1_v1_DS-1.jpg"},{"@type":"BreadcrumbList","@id":"https:\/\/odigo-v2-develop.go-vip.net\/es-es\/servicios\/#breadcrumb","itemListElement":[{"@type":"ListItem","position":1,"name":"Home","item":"https:\/\/odigo-v2-develop.go-vip.net\/es-es\/"},{"@type":"ListItem","position":2,"name":"Servicios"}]},{"@type":"WebSite","@id":"https:\/\/odigo-v2-develop.go-vip.net\/es-es\/#website","url":"https:\/\/odigo-v2-develop.go-vip.net\/es-es\/","name":"Odigo Espanol","description":"Just another www.odigo.com site","potentialAction":[{"@type":"SearchAction","target":{"@type":"EntryPoint","urlTemplate":"https:\/\/odigo-v2-develop.go-vip.net\/es-es\/?s={search_term_string}"},"query-input":"required name=search_term_string"}],"inLanguage":"es"}]}},"_links":{"self":[{"href":"https:\/\/odigo-v2-develop.go-vip.net\/es-es\/wp-json\/wp\/v2\/pages\/383","targetHints":{"allow":["GET"]}}],"collection":[{"href":"https:\/\/odigo-v2-develop.go-vip.net\/es-es\/wp-json\/wp\/v2\/pages"}],"about":[{"href":"https:\/\/odigo-v2-develop.go-vip.net\/es-es\/wp-json\/wp\/v2\/types\/page"}],"author":[{"embeddable":true,"href":"https:\/\/odigo-v2-develop.go-vip.net\/es-es\/wp-json\/wp\/v2\/users\/28"}],"replies":[{"embeddable":true,"href":"https:\/\/odigo-v2-develop.go-vip.net\/es-es\/wp-json\/wp\/v2\/comments?post=383"}],"version-history":[{"count":23,"href":"https:\/\/odigo-v2-develop.go-vip.net\/es-es\/wp-json\/wp\/v2\/pages\/383\/revisions"}],"predecessor-version":[{"id":13174,"href":"https:\/\/odigo-v2-develop.go-vip.net\/es-es\/wp-json\/wp\/v2\/pages\/383\/revisions\/13174"}],"wp:attachment":[{"href":"https:\/\/odigo-v2-develop.go-vip.net\/es-es\/wp-json\/wp\/v2\/media?parent=383"}],"wp:term":[{"taxonomy":"topic","embeddable":true,"href":"https:\/\/odigo-v2-develop.go-vip.net\/es-es\/wp-json\/wp\/v2\/topic?post=383"}],"curies":[{"name":"wp","href":"https:\/\/api.w.org\/{rel}","templated":true}]}}