{"id":3511,"date":"2021-04-22T09:39:00","date_gmt":"2021-04-22T09:39:00","guid":{"rendered":"https:\/\/odigo-v2-develop.go-vip.net\/?page_id=3511"},"modified":"2021-11-29T16:55:22","modified_gmt":"2021-11-29T16:55:22","slug":"terminos-de-uso","status":"publish","type":"page","link":"https:\/\/odigo-v2-develop.go-vip.net\/es-es\/terminos-de-uso\/","title":{"rendered":"T\u00e9rminos de uso"},"content":{"rendered":"        <section class=\"  section article-body page-article-body article-white \">\n\n                        <div class=\"container\">\n                <div class=\"row\">\n\n                    <div class=\"col-12 article-text\">\n                                                \n<section class=\"undefined   section article-body page-article-body\"><div class=\"container\"><div class=\"row\"><div class=\"col-12 article-text\">\n<h1 class=\"wp-block-heading\"><strong>T\u00e9rminos de uso<\/strong><\/h1>\n\n\n\n<h3 class=\"wp-block-heading\">Welcome to&nbsp;<a href=\"http:\/\/odigo-v2-develop.go-vip.net\/\">www.odigo.com<\/a>&nbsp;!<\/h3>\n\n\n\n<p>\u00a1Bienvenidos a www.odigo.com!<\/p>\n\n\n\n<p>El control y la gesti\u00f3n de este sitio web son responsabilidad de Odigo\u2122, con sede social en 41-43, rue Camille Desmoulin, 92130 Issy-les-Moulineaux.<\/p>\n\n\n\n<p>El acceso a este sitio web y su uso est\u00e1n sujetos a la aceptaci\u00f3n de estas condiciones de uso y a la legislaci\u00f3n y normativas aplicables.<\/p>\n\n\n\n<p><strong>1) Aceptaci\u00f3n<\/strong><\/p>\n\n\n\n<p>Al acceder y navegar por el sitio web de Odigo\u2122 (en lo sucesivo, la \u00abEmpresa\u00bb) o utilizar o descargar contenido de dicho sitio web, est\u00e1 aceptando las condiciones de uso descritas a continuaci\u00f3n.<\/p>\n\n\n\n<p><strong>2) Finalidad de este sitio web<\/strong><\/p>\n\n\n\n<p>Todos los materiales incluidos en el sitio web de Odigo\u2122 se facilitan \u00fanicamente con un fin informativo y no constituir\u00e1n ning\u00fan tipo de oferta comercial, licencia ni relaci\u00f3n profesional, fiduciaria o de asesor\u00eda entre usted y la Empresa. Ninguna informaci\u00f3n facilitada en este sitio web podr\u00e1 considerarse como un sustitutivo de su investigaci\u00f3n independiente.<\/p>\n\n\n\n<p>La informaci\u00f3n incluida en este sitio web puede estar relacionada con productos o servicios que no est\u00e9n disponibles en su pa\u00eds y que no vayan a estarlo en ning\u00fan momento.<\/p>\n\n\n\n<p><strong>3) Disponibilidad del sitio web<\/strong><\/p>\n\n\n\n<p>La Empresa no adquiere ninguna obligaci\u00f3n de resultados con respecto a la disponibilidad del sitio web. La empresa se reserva el derecho a (i) modificar sin previo aviso las caracter\u00edsticas del sitio web y\/o (ii) suspender, interrumpir o limitar el acceso a todo el sitio web o a parte de \u00e9l, sin previo aviso, y especialmente para fines de mantenimiento.<\/p>\n\n\n\n<p><strong>4) Enlaces a sitios web de terceros<\/strong><\/p>\n\n\n\n<p>Los enlaces a sitios web de terceros se facilitan \u00fanicamente con fines informativos y no implican ninguna aprobaci\u00f3n o respaldo de la Empresa a los sitios vinculados, incluso aunque estos puedan contener el logotipo de la Empresa o puedan estar bajo el control de la Empresa. Del mismo modo, a este sitio web se puede acceder a trav\u00e9s de enlaces de terceros sobre los que Odigo\u2122 no tienen ning\u00fan control. As\u00ed, la Empresa no ser\u00e1 considerada responsable por el contenido de ninguno de los sitios web vinculados ni por ning\u00fan enlace incluido en ellos. Odigo\u2122 no tendr\u00e1 ninguna responsabilidad por ning\u00fan tipo de da\u00f1o o p\u00e9rdida que pueda derivarse del uso de dichos enlaces o contenidos. Por lo tanto, debe protegerse frente a virus, gusanos, troyanos y otros posibles programas da\u00f1inos que puedan estar presentes en los sitios web de terceros. Es usted responsable de comprobar y cumplir las condiciones de uso aplicables a esos sitios web de terceros.<\/p>\n\n\n\n<p>Reconoce que est\u00e1 prohibido falsificar el sitio web de la Empresa mediante t\u00e9cnicas como el framing.<\/p>\n\n\n\n<p><strong>5) Propiedad intelectual<\/strong><\/p>\n\n\n\n<p>Este sitio web est\u00e1 protegido por derechos de propiedad intelectual que incluyen, entre otros, marcas registradas, copyright, dise\u00f1os y derechos sui generis del creador de la base de datos, y es propiedad exclusiva de la Empresa.<\/p>\n\n\n\n<p>Todo el material que contiene, incluidos, entre otros, textos, datos, gr\u00e1ficos, im\u00e1genes, sonidos, v\u00eddeos, logotipos, iconos y c\u00f3digos HTML, est\u00e1 protegido por la ley de propiedad intelectual y es propiedad de la Empresa o de un tercero.<\/p>\n\n\n\n<p>Puede copiar, descargar o imprimir este material para uso personal y no comercial de acuerdo con los principios estipulados por la legislaci\u00f3n sobre protecci\u00f3n intelectual. Queda prohibido cualquier otro uso del contenido del sitio web de la Empresa sin autorizaci\u00f3n previa por escrito de la Empresa. Por lo tanto, no debe modificar de ning\u00fan modo ning\u00fan material incluido en el sitio web de la Empresa.<\/p>\n\n\n\n<p>El incumplimiento de las prohibiciones mencionadas anteriormente puede constituir un delito de falsificaci\u00f3n o competencia desleal e implicar responsabilidad penal o civil.<\/p>\n\n\n\n<p>Las marcas registradas que la Empresa incluyen, entre otras, las siguientes:<\/p>\n\n\n\n<ul class=\"wp-block-list\"><li>Odigo\u2122<\/li><\/ul>\n\n\n\n<p>Todas las dem\u00e1s marcas registradas que no sean propiedad de la Empresa y aparezcan en el sitio web de la Empresa son propiedad de sus respectivos propietarios, que pueden estar o no asociados o relacionados con la Empresa o pueden contar o no con el patrocinio de la Empresa. Necesita una autorizaci\u00f3n espec\u00edfica para utilizar para cualquier finalidad cualquier marca registrada que sea propiedad de la Empresa o de un tercero.<\/p>\n\n\n\n<p>Si descubre cualquier violaci\u00f3n de los derechos de propiedad intelectual de la Empresa o cree que alg\u00fan material publicado en el sitio web de la Empresa infringe sus derechos de propiedad intelectual, env\u00ede un correo electr\u00f3nico a&nbsp;<a href=\"mailto:contacto@odigo.com\">contacto@odigo.com<\/a>.<\/p>\n\n\n\n<p>Aseg\u00farese de incluir tantos detalles como sea posible (por ejemplo: una descripci\u00f3n de los derechos de propiedad intelectual que presuntamente se han infringido, una descripci\u00f3n del lugar en el que se encuentra el material al que se refiere su reclamaci\u00f3n por infracci\u00f3n, etc.) y tenga en cuenta que en ning\u00fan caso abriremos archivos adjuntos.<\/p>\n\n\n\n<p><strong>6) Garant\u00edas y responsabilidades<\/strong><\/p>\n\n\n\n<p>Todo el material, incluidos los programas para descarga, que aparece en el sitio web de la Empresa se facilita \u00abtal cual\u00bb y sin ning\u00fan tipo de garant\u00eda, en la medida de lo permitido por la legislaci\u00f3n aplicable. La Empresa no garantiza en modo alguno el acceso ininterrumpido al sitio web de la Empresa. Aunque la Empresa har\u00e1 todos los esfuerzos razonables para ofrecer informaci\u00f3n fiable a trav\u00e9s de su sitio web, la Empresa no garantiza que este sitio web est\u00e9 libre de inexactitudes, errores o misiones, virus, gusanos, troyanos o programas similares, ni que su contenido sea adecuado para sus necesidades concretas y est\u00e9 actualizado. La Empresa se reserva el derecho a modificar la informaci\u00f3n en cualquier momento y sin previo aviso. La Empresa no garantiza ning\u00fan resultado derivado del uso de ning\u00fan tipo de material, incluidos programas para descarga, que est\u00e9 disponible en este sitio web.<\/p>\n\n\n\n<p>You are solely responsible for any use of the materials contained in this site. You also agree that access to and use of this website is at your own risk.<\/p>\n\n\n\n<p>Empresa. La Empresa no ser\u00e1 responsable de ning\u00fan da\u00f1o directo o indirecto, incluidos, entre otros, p\u00e9rdidas de ingresos o beneficios, interrupciones de la actividad o p\u00e9rdidas de datos, relacionado con el uso, la imposibilidad de usar o la fiabilidad de cualquier material incluido en este sitio o en un sitio web vinculado.<\/p>\n\n\n\n<p>En cualquier caso, la responsabilidad de la Empresa por da\u00f1os directos que puedan derivarse o relacionarse con el uso, la imposibilidad de usar o la fiabilidad de cualquier material incluido en este sitio o en un sitio web vinculado no superar\u00e1 nunca la cantidad de 1000 euros.<\/p>\n\n\n\n<p><strong>7) Pol\u00edtica de confidencialidad online \u2013 Uso de cookies<\/strong><\/p>\n\n\n\n<p>Consulte nuestra\u00a0<a href=\"https:\/\/odigo-v2-develop.go-vip.net\/es-es\/politica-de-privacidad\/\" target=\"_blank\" rel=\"noreferrer noopener\">Pol\u00edtica de privacidad<\/a>\u00a0y nuestra\u00a0<a href=\"https:\/\/odigo-v2-develop.go-vip.net\/es-es\/politica-de-cookies\/\" target=\"_blank\" rel=\"noreferrer noopener\">Pol\u00edtica de cookies\u00a0<\/a>para obtener m\u00e1s informaci\u00f3n sobre c\u00f3mo respeta y garantiza Odigo\u2122 su privacidad.<\/p>\n\n\n\n<p><strong>8) Comentarios de los usuarios<\/strong><\/p>\n\n\n\n<p>La Empresa no asume ninguna responsabilidad en cuanto al control de la informaci\u00f3n que usted pueda publicar en este sitio.<\/p>\n\n\n\n<p>Usted garantiza que cualquier informaci\u00f3n, Material (el t\u00e9rmino \u00abMaterial\u00bb se refiere a todos los proyectos, archivos u otros adjuntos que nos env\u00ede) o comentario distinto a sus datos personales que env\u00ede a la Empresa a trav\u00e9s del sitio web no infringe ning\u00fan derecho de propiedad intelectual ni ninguna otra legislaci\u00f3n aplicable. Dicha informaci\u00f3n, Material o comentario se tratar\u00e1 como no confidencial y no sujeta a derechos de propiedad. Usted garantiza que cualquier informaci\u00f3n, Material o comentario que env\u00ede a la Empresa a trav\u00e9s del sitio web no afecta a la integridad y seguridad del sitio web y, en especial, que no contiene virus, gusanos, troyanos ni programas potencialmente da\u00f1inos.<\/p>\n\n\n\n<p>Al enviar informaci\u00f3n o material, est\u00e1 dando a la Empresa una autorizaci\u00f3n ilimitada e irrevocable para usar, copiar, ejecutar, mostrar, modificar y transmitir dicha informaci\u00f3n, Material o comentario, inclusive cualquier idea, concepto o conocimiento subyacente, en su totalidad o parcialmente, de cualquier modo y por cualquier medio. La Empresa se reserva el derecho a utilizar dicha informaci\u00f3n del modo que le parezca m\u00e1s oportuno.<\/p>\n\n\n\n<p><strong>9) Legislaci\u00f3n aplicable \u2013 Divisibilidad<\/strong><\/p>\n\n\n\n<p>Cualquier controversia o reclamaci\u00f3n que pudiera surgir en lo referente a estas condiciones de uso se resolver\u00e1 de acuerdo con la legislaci\u00f3n francesa. La jurisdicci\u00f3n exclusiva recaer\u00e1 en el Tribunal de Comercio de Par\u00eds.<\/p>\n\n\n\n<p>Si un tribunal considerara ilegal o nula alguna de las disposiciones de las presentes condiciones de uso, el resto de las disposiciones seguir\u00edan manteniendo su vigencia.<\/p>\n\n\n\n<p><strong>10) Modificaciones de las condiciones de uso<\/strong><\/p>\n\n\n\n<p>La Empresa se reserva el derecho a modificar las condiciones de uso con las que se ofrece este sitio web en cualquier momento y sin notificaci\u00f3n previa. Cuando utilice este sitio, quedar\u00e1 autom\u00e1ticamente obligado por dichas modificaciones, por lo que debe leer peri\u00f3dicamente las condiciones de uso.<\/p>\n\n\n\n<p><strong>11) Nulidad de una disposici\u00f3n<\/strong><\/p>\n\n\n\n<p>La Empresa se reserva el derecho a modificar las condiciones de uso con las que se ofrece este sitio web en cualquier momento y sin notificaci\u00f3n previa. Cuando utilice este sitio, quedar\u00e1 autom\u00e1ticamente obligado por dichas modificaciones, por lo que debe leer peri\u00f3dicamente las condiciones de uso.<\/p>\n\n\n\n<p><strong>12) Miscel\u00e1nea<\/strong><\/p>\n\n\n\n<p>Si alguna de las disposiciones de las presentes condiciones de uso fuera declarada ilegal, nula o imposible de cumplir, dicha disposici\u00f3n se considerar\u00eda divisible y no afectar\u00eda a la validez o legalidad del resto de las disposiciones, que seguir\u00edan manteniendo su vigencia.<\/p>\n\n\n\n<p>Excepto en el caso de que se disponga lo contrario, las presentes condiciones de uso constituyen el acuerdo completo entre usted y Odigo\u2122 en lo referente al uso de este sitio web y de su contenido.<\/p>\n<\/div><\/div><\/div><\/section>\n                    <\/div>\n                                                        <\/div>\n            <\/div>\n\n        <\/section>\n        ","protected":false},"excerpt":{"rendered":"","protected":false},"author":28,"featured_media":0,"parent":0,"menu_order":0,"comment_status":"closed","ping_status":"closed","template":"","meta":{"_acf_changed":false,"footnotes":""},"topic":[],"class_list":["post-3511","page","type-page","status-publish","hentry"],"acf":[],"yoast_head":"<!-- This site is optimized with the Yoast SEO Premium plugin v18.4 (Yoast SEO v22.9) - https:\/\/yoast.com\/wordpress\/plugins\/seo\/ -->\n<title>T\u00e9rminos de uso - Odigo Espanol<\/title>\n<meta name=\"robots\" content=\"index, follow, max-snippet:-1, max-image-preview:large, max-video-preview:-1\" \/>\n<link rel=\"canonical\" href=\"https:\/\/odigo-v2-develop.go-vip.net\/es-es\/terminos-de-uso\/\" \/>\n<meta property=\"og:locale\" content=\"es_ES\" \/>\n<meta property=\"og:type\" content=\"article\" \/>\n<meta property=\"og:title\" content=\"T\u00e9rminos de uso\" \/>\n<meta property=\"og:url\" content=\"https:\/\/odigo-v2-develop.go-vip.net\/es-es\/terminos-de-uso\/\" \/>\n<meta property=\"og:site_name\" content=\"Odigo Espanol\" \/>\n<meta property=\"article:modified_time\" content=\"2021-11-29T16:55:22+00:00\" \/>\n<meta name=\"twitter:card\" content=\"summary_large_image\" \/>\n<meta name=\"twitter:label1\" content=\"Est. reading time\" \/>\n\t<meta name=\"twitter:data1\" content=\"7 minutos\" \/>\n<script type=\"application\/ld+json\" class=\"yoast-schema-graph\">{\"@context\":\"https:\/\/schema.org\",\"@graph\":[{\"@type\":\"WebPage\",\"@id\":\"https:\/\/odigo-v2-develop.go-vip.net\/es-es\/terminos-de-uso\/\",\"url\":\"https:\/\/odigo-v2-develop.go-vip.net\/es-es\/terminos-de-uso\/\",\"name\":\"T\u00e9rminos de uso - Odigo Espanol\",\"isPartOf\":{\"@id\":\"https:\/\/odigo-v2-develop.go-vip.net\/es-es\/#website\"},\"datePublished\":\"2021-04-22T09:39:00+00:00\",\"dateModified\":\"2021-11-29T16:55:22+00:00\",\"breadcrumb\":{\"@id\":\"https:\/\/odigo-v2-develop.go-vip.net\/es-es\/terminos-de-uso\/#breadcrumb\"},\"inLanguage\":\"es\",\"potentialAction\":[{\"@type\":\"ReadAction\",\"target\":[\"https:\/\/odigo-v2-develop.go-vip.net\/es-es\/terminos-de-uso\/\"]}]},{\"@type\":\"BreadcrumbList\",\"@id\":\"https:\/\/odigo-v2-develop.go-vip.net\/es-es\/terminos-de-uso\/#breadcrumb\",\"itemListElement\":[{\"@type\":\"ListItem\",\"position\":1,\"name\":\"Home\",\"item\":\"https:\/\/odigo-v2-develop.go-vip.net\/es-es\/\"},{\"@type\":\"ListItem\",\"position\":2,\"name\":\"T\u00e9rminos de uso\"}]},{\"@type\":\"WebSite\",\"@id\":\"https:\/\/odigo-v2-develop.go-vip.net\/es-es\/#website\",\"url\":\"https:\/\/odigo-v2-develop.go-vip.net\/es-es\/\",\"name\":\"Odigo Espanol\",\"description\":\"Just another www.odigo.com site\",\"potentialAction\":[{\"@type\":\"SearchAction\",\"target\":{\"@type\":\"EntryPoint\",\"urlTemplate\":\"https:\/\/odigo-v2-develop.go-vip.net\/es-es\/?s={search_term_string}\"},\"query-input\":\"required name=search_term_string\"}],\"inLanguage\":\"es\"}]}<\/script>\n<!-- \/ Yoast SEO Premium plugin. -->","yoast_head_json":{"title":"T\u00e9rminos de uso - Odigo Espanol","robots":{"index":"index","follow":"follow","max-snippet":"max-snippet:-1","max-image-preview":"max-image-preview:large","max-video-preview":"max-video-preview:-1"},"canonical":"https:\/\/odigo-v2-develop.go-vip.net\/es-es\/terminos-de-uso\/","og_locale":"es_ES","og_type":"article","og_title":"T\u00e9rminos de uso","og_url":"https:\/\/odigo-v2-develop.go-vip.net\/es-es\/terminos-de-uso\/","og_site_name":"Odigo Espanol","article_modified_time":"2021-11-29T16:55:22+00:00","twitter_card":"summary_large_image","twitter_misc":{"Est. reading time":"7 minutos"},"schema":{"@context":"https:\/\/schema.org","@graph":[{"@type":"WebPage","@id":"https:\/\/odigo-v2-develop.go-vip.net\/es-es\/terminos-de-uso\/","url":"https:\/\/odigo-v2-develop.go-vip.net\/es-es\/terminos-de-uso\/","name":"T\u00e9rminos de uso - Odigo Espanol","isPartOf":{"@id":"https:\/\/odigo-v2-develop.go-vip.net\/es-es\/#website"},"datePublished":"2021-04-22T09:39:00+00:00","dateModified":"2021-11-29T16:55:22+00:00","breadcrumb":{"@id":"https:\/\/odigo-v2-develop.go-vip.net\/es-es\/terminos-de-uso\/#breadcrumb"},"inLanguage":"es","potentialAction":[{"@type":"ReadAction","target":["https:\/\/odigo-v2-develop.go-vip.net\/es-es\/terminos-de-uso\/"]}]},{"@type":"BreadcrumbList","@id":"https:\/\/odigo-v2-develop.go-vip.net\/es-es\/terminos-de-uso\/#breadcrumb","itemListElement":[{"@type":"ListItem","position":1,"name":"Home","item":"https:\/\/odigo-v2-develop.go-vip.net\/es-es\/"},{"@type":"ListItem","position":2,"name":"T\u00e9rminos de uso"}]},{"@type":"WebSite","@id":"https:\/\/odigo-v2-develop.go-vip.net\/es-es\/#website","url":"https:\/\/odigo-v2-develop.go-vip.net\/es-es\/","name":"Odigo Espanol","description":"Just another www.odigo.com site","potentialAction":[{"@type":"SearchAction","target":{"@type":"EntryPoint","urlTemplate":"https:\/\/odigo-v2-develop.go-vip.net\/es-es\/?s={search_term_string}"},"query-input":"required name=search_term_string"}],"inLanguage":"es"}]}},"_links":{"self":[{"href":"https:\/\/odigo-v2-develop.go-vip.net\/es-es\/wp-json\/wp\/v2\/pages\/3511","targetHints":{"allow":["GET"]}}],"collection":[{"href":"https:\/\/odigo-v2-develop.go-vip.net\/es-es\/wp-json\/wp\/v2\/pages"}],"about":[{"href":"https:\/\/odigo-v2-develop.go-vip.net\/es-es\/wp-json\/wp\/v2\/types\/page"}],"author":[{"embeddable":true,"href":"https:\/\/odigo-v2-develop.go-vip.net\/es-es\/wp-json\/wp\/v2\/users\/28"}],"replies":[{"embeddable":true,"href":"https:\/\/odigo-v2-develop.go-vip.net\/es-es\/wp-json\/wp\/v2\/comments?post=3511"}],"version-history":[{"count":3,"href":"https:\/\/odigo-v2-develop.go-vip.net\/es-es\/wp-json\/wp\/v2\/pages\/3511\/revisions"}],"predecessor-version":[{"id":8530,"href":"https:\/\/odigo-v2-develop.go-vip.net\/es-es\/wp-json\/wp\/v2\/pages\/3511\/revisions\/8530"}],"wp:attachment":[{"href":"https:\/\/odigo-v2-develop.go-vip.net\/es-es\/wp-json\/wp\/v2\/media?parent=3511"}],"wp:term":[{"taxonomy":"topic","embeddable":true,"href":"https:\/\/odigo-v2-develop.go-vip.net\/es-es\/wp-json\/wp\/v2\/topic?post=3511"}],"curies":[{"name":"wp","href":"https:\/\/api.w.org\/{rel}","templated":true}]}}