{"id":12592,"date":"2023-12-22T13:40:59","date_gmt":"2023-12-22T13:40:59","guid":{"rendered":"https:\/\/odigo-v2-develop.go-vip.net\/es-es\/?page_id=12592"},"modified":"2023-12-22T13:40:59","modified_gmt":"2023-12-22T13:40:59","slug":"mapa-del-blog","status":"publish","type":"page","link":"https:\/\/odigo-v2-develop.go-vip.net\/es-es\/mapa-del-blog\/","title":{"rendered":"Mapa del blog"},"content":{"rendered":"        <section class=\" section--no-margin section article-body page-article-body article-white \">\n\n                        <div class=\"container\">\n                <div class=\"row\">\n\n                    <div class=\"col-12 article-text\">\n                                                \n\n<h1 class=\"wp-block-heading\" id=\"h-mapa-del-blog\">Mapa del blog<\/h1>\n\n                    <\/div>\n                                                        <\/div>\n            <\/div>\n\n        <\/section>\n        \n\n<section class=\"align wp-block-oab-sitemap-links has-20-px-font-size\">\n    <div class=\"container\">\n        <div class=\"row\">\n            <div class=\"col-md-12 col-lg-12 col-xl-12\">\n                                <ul class=\"sitemap_links_list\">\n                                        <li class=\"sitemap_single_link\"><a href=\"https:\/\/odigo-v2-develop.go-vip.net\/es-es\/blog-y-recursos\/blog\/test\/\">Test<\/a><\/li>\n                                        <li class=\"sitemap_single_link\"><a href=\"https:\/\/odigo-v2-develop.go-vip.net\/es-es\/blog-y-recursos\/blog\/tus-empleados-son-tu-mejor-baza-descubre-por-que-y-como-con-odigo-extended-contact-center\/\">Tus empleados son tu mejor baza, descubre por qu\u00e9 y c\u00f3mo con Odigo Extended Contact Center\u2122<\/a><\/li>\n                                        <li class=\"sitemap_single_link\"><a href=\"https:\/\/odigo-v2-develop.go-vip.net\/es-es\/blog-y-recursos\/blog\/disena-experiencias-de-cliente-excepcionales-gracias-a-la-orquestacion-de-la-ia\/\">Dise\u00f1a experiencias de cliente excepcionales gracias a la orquestaci\u00f3n de la IA<\/a><\/li>\n                                        <li class=\"sitemap_single_link\"><a href=\"https:\/\/odigo-v2-develop.go-vip.net\/es-es\/blog-y-recursos\/blog\/evolucion-de-la-atencion-al-cliente-expectativas-crecientes\/\">Evoluci\u00f3n de la atenci\u00f3n al cliente: expectativas crecientes<\/a><\/li>\n                                        <li class=\"sitemap_single_link\"><a href=\"https:\/\/odigo-v2-develop.go-vip.net\/es-es\/blog-y-recursos\/blog\/ofrezca-servicios-y-asesoramiento-expertos-con-el-conector-integrado-a-ringcentral-mvp-de-odigo\/\">Ofrezca servicios y asesoramiento expertos con el conector integrado a RingCentral MVP\u00ae de Odigo<\/a><\/li>\n                                        <li class=\"sitemap_single_link\"><a href=\"https:\/\/odigo-v2-develop.go-vip.net\/es-es\/blog-y-recursos\/blog\/lleve-la-aplicacion-workspace-de-odigo-para-ms-teams-al-banco\/\">Lleve la aplicaci\u00f3n Workspace de Odigo para MS Teams al banco<\/a><\/li>\n                                        <li class=\"sitemap_single_link\"><a href=\"https:\/\/odigo-v2-develop.go-vip.net\/es-es\/blog-y-recursos\/blog\/aprovechar-el-conector-microsoft-teams-de-odigo-en-los-contact-centers-de-seguros\/\">Aprovechar el conector Microsoft Teams de Odigo en los contact centers de seguros<\/a><\/li>\n                                        <li class=\"sitemap_single_link\"><a href=\"https:\/\/odigo-v2-develop.go-vip.net\/es-es\/blog-y-recursos\/blog\/soluciones-pure-saas-las-5-claves-de-su-exito\/\">Soluciones Pure SaaS: las 5 claves de su \u00e9xito<\/a><\/li>\n                                        <li class=\"sitemap_single_link\"><a href=\"https:\/\/odigo-v2-develop.go-vip.net\/es-es\/blog-y-recursos\/blog\/para-los-agentes-del-contact-center-cual-es-la-clave-para-conseguir-la-integracion-de-calidad\/\">Para los agentes del contact center, \u00bfcu\u00e1l es la clave para conseguir la integraci\u00f3n de calidad?<\/a><\/li>\n                                        <li class=\"sitemap_single_link\"><a href=\"https:\/\/odigo-v2-develop.go-vip.net\/es-es\/blog-y-recursos\/blog\/como-nos-ayudan-las-soluciones-ccaas-ante-los-retos-del-sector-publico\/\">\u00bfC\u00f3mo nos ayudan las soluciones CCaaS ante los retos del sector p\u00fablico?<\/a><\/li>\n                                        <li class=\"sitemap_single_link\"><a href=\"https:\/\/odigo-v2-develop.go-vip.net\/es-es\/blog-y-recursos\/blog\/como-utilizar-la-inteligencia-artificial-para-impulsar-la-experiencia-de-cliente\/\">\u00bfC\u00f3mo utilizar la inteligencia artificial para impulsar la experiencia de cliente?<\/a><\/li>\n                                        <li class=\"sitemap_single_link\"><a href=\"https:\/\/odigo-v2-develop.go-vip.net\/es-es\/blog-y-recursos\/blog\/el-uso-creciente-de-la-innovacion-en-las-relaciones-con-los-clientes-debe-atender-a-las-necesidades-individuales\/\">El uso creciente de la innovaci\u00f3n en las relaciones con los clientes debe atender a las necesidades individuales<\/a><\/li>\n                                        <li class=\"sitemap_single_link\"><a href=\"https:\/\/odigo-v2-develop.go-vip.net\/es-es\/blog-y-recursos\/blog\/tendencias-de-cx-en-2022-uso-de-ccaas-para-generar-autenticidad\/\">Tendencias de CX en 2022: uso de CCaaS para generar autenticidad<\/a><\/li>\n                                        <li class=\"sitemap_single_link\"><a href=\"https:\/\/odigo-v2-develop.go-vip.net\/es-es\/blog-y-recursos\/blog\/navidad-asi-debes-adaptar-tu-atencion-al-cliente-ante-el-pico-de-demanda\/\">Navidad: as\u00ed debes adaptar tu atenci\u00f3n  al cliente ante el pico de demanda<\/a><\/li>\n                                        <li class=\"sitemap_single_link\"><a href=\"https:\/\/odigo-v2-develop.go-vip.net\/es-es\/blog-y-recursos\/blog\/datos-procesamiento-del-lenguaje-natural-y-analisis-de-sentimientos-un-cambio-en-la-experiencia-cliente\/\">Datos, procesamiento del lenguaje natural y an\u00e1lisis de sentimientos: un cambio en la experiencia cliente<\/a><\/li>\n                                        <li class=\"sitemap_single_link\"><a href=\"https:\/\/odigo-v2-develop.go-vip.net\/es-es\/blog-y-recursos\/blog\/cln-un-componente-del-pln-fundamental-para-una-buena-cx\/\">CLN: un componente del PLN fundamental para una buena CX<\/a><\/li>\n                                        <li class=\"sitemap_single_link\"><a href=\"https:\/\/odigo-v2-develop.go-vip.net\/es-es\/blog-y-recursos\/blog\/la-estrategia-de-canal-definitiva-es-channel-less\/\">La estrategia de canal definitiva es channel-less<\/a><\/li>\n                                        <li class=\"sitemap_single_link\"><a href=\"https:\/\/odigo-v2-develop.go-vip.net\/es-es\/blog-y-recursos\/blog\/experiencia-de-agente-desgaste-por-empatia-y-reduccion-de-la-tasa-de-rotacion-de-tu-contact-center\/\">Experiencia de agente, desgaste por empat\u00eda y reducci\u00f3n de la tasa de rotaci\u00f3n de tu contact center<\/a><\/li>\n                                        <li class=\"sitemap_single_link\"><a href=\"https:\/\/odigo-v2-develop.go-vip.net\/es-es\/blog-y-recursos\/blog\/a-medida-que-evoluciona-la-tecnologia-de-ccaas-las-competencias-de-los-agentes-del-contact-center-deben-evolucionar-con-ella\/\">A medida que evoluciona la tecnolog\u00eda de CCaaS, las competencias de los agentes del contact center deben evolucionar con ella<\/a><\/li>\n                                        <li class=\"sitemap_single_link\"><a href=\"https:\/\/odigo-v2-develop.go-vip.net\/es-es\/blog-y-recursos\/blog\/como-la-ia-puede-ayudar-a-tu-contact-center-a-afrontar-el-aluvion-del-black-friday\/\">C\u00f3mo la IA puede ayudar a tu contact center a afrontar el aluvi\u00f3n del Black Friday<\/a><\/li>\n                                        <li class=\"sitemap_single_link\"><a href=\"https:\/\/odigo-v2-develop.go-vip.net\/es-es\/blog-y-recursos\/blog\/3-formas-de-mejorar-la-experiencia-de-cliente-con-inteligencia-artificial\/\">3 formas de mejorar la experiencia de cliente con inteligencia artificial<\/a><\/li>\n                                        <li class=\"sitemap_single_link\"><a href=\"https:\/\/odigo-v2-develop.go-vip.net\/es-es\/blog-y-recursos\/blog\/tres-formas-de-mejorar-la-experiencia-de-cliente-de-tu-empresa-gracias-al-pln\/\">Tres formas de mejorar la experiencia de cliente de tu empresa gracias al PLN<\/a><\/li>\n                                        <li class=\"sitemap_single_link\"><a href=\"https:\/\/odigo-v2-develop.go-vip.net\/es-es\/blog-y-recursos\/blog\/como-redefinir-la-experiencia-de-usuario-y-mejorar-la-satisfaccion-del-agente-con-la-gamificacion\/\">C\u00f3mo redefinir la experiencia de usuario y mejorar la satisfacci\u00f3n del agente con la gamificaci\u00f3n<\/a><\/li>\n                                        <li class=\"sitemap_single_link\"><a href=\"https:\/\/odigo-v2-develop.go-vip.net\/es-es\/blog-y-recursos\/blog\/como-mejorar-el-rendimiento-de-los-agentes-y-aumentar-la-satisfaccion-de-los-clientes-con-estrategias-de-optimizacion-de-la-fuerza-de-trabajo\/\">C\u00f3mo mejorar el rendimiento de los agentes y aumentar la satisfacci\u00f3n de los clientes con estrategias de optimizaci\u00f3n de la fuerza de trabajo<\/a><\/li>\n                                        <li class=\"sitemap_single_link\"><a href=\"https:\/\/odigo-v2-develop.go-vip.net\/es-es\/blog-y-recursos\/blog\/demuestra-a-tus-clientes-que-son-importantes-con-una-solucion-de-quality-management\/\">Demuestra a tus clientes que son importantes con una soluci\u00f3n de Quality Management<\/a><\/li>\n                                        <li class=\"sitemap_single_link\"><a href=\"https:\/\/odigo-v2-develop.go-vip.net\/es-es\/blog-y-recursos\/blog\/mejorar-la-experiencia-tanto-del-cliente-como-del-agente-con-una-solucion-inteligente-de-workforce-management\/\">Mejorar la experiencia tanto del cliente como del agente con una soluci\u00f3n inteligente de Workforce Management<\/a><\/li>\n                                        <li class=\"sitemap_single_link\"><a href=\"https:\/\/odigo-v2-develop.go-vip.net\/es-es\/blog-y-recursos\/blog\/equilibrio-entre-inteligencia-humana-e-inteligencia-artificial-clave-del-exito-del-contact-center\/\">Equilibrio entre inteligencia humana e inteligencia artificial, clave del \u00e9xito del contact center<\/a><\/li>\n                                        <li class=\"sitemap_single_link\"><a href=\"https:\/\/odigo-v2-develop.go-vip.net\/es-es\/blog-y-recursos\/blog\/la-importancia-de-contar-con-expertos-en-cx-al-implantar-una-solucion-innovadora-de-ccaas\/\">La importancia de contar con expertos en CX al implantar una soluci\u00f3n innovadora de CCaaS<\/a><\/li>\n                                        <li class=\"sitemap_single_link\"><a href=\"https:\/\/odigo-v2-develop.go-vip.net\/es-es\/blog-y-recursos\/blog\/personalizacion-y-automatizacion-en-el-centro-del-customer-journey\/\">Personalizaci\u00f3n y automatizaci\u00f3n en el centro del customer journey<\/a><\/li>\n                                        <li class=\"sitemap_single_link\"><a href=\"https:\/\/odigo-v2-develop.go-vip.net\/es-es\/blog-y-recursos\/blog\/datos-lenguaje-natural-y-analisis-de-las-emociones-el-cambio-en-la-experiencia-cliente\/\">Datos, Lenguaje natural y an\u00e1lisis de las emociones \u2013 el cambio en la experiencia cliente<\/a><\/li>\n                                        <li class=\"sitemap_single_link\"><a href=\"https:\/\/odigo-v2-develop.go-vip.net\/es-es\/blog-y-recursos\/blog\/ia-y-analitica-de-datos-presente-y-futuro-de-la-experiencia-cliente\/\">IA y anal\u00edtica de datos: presente y futuro de la experiencia cliente<\/a><\/li>\n                                        <li class=\"sitemap_single_link\"><a href=\"https:\/\/odigo-v2-develop.go-vip.net\/es-es\/blog-y-recursos\/blog\/construye-una-historia-con-tus-clientes-en-cada-conversacion\/\">Construye una historia con tus clientes en cada conversaci\u00f3n<\/a><\/li>\n                                        <li class=\"sitemap_single_link\"><a href=\"https:\/\/odigo-v2-develop.go-vip.net\/es-es\/blog-y-recursos\/blog\/contact-center-mejora-la-experiencia-de-tus-clientes-y-tus-agentes-con-las-llamadas-salientes\/\">Contact center: mejora la experiencia de tus clientes y tus agentes con las llamadas salientes<\/a><\/li>\n                                        <li class=\"sitemap_single_link\"><a href=\"https:\/\/odigo-v2-develop.go-vip.net\/es-es\/blog-y-recursos\/blog\/es-realmente-tu-servicio-de-atencion-al-cliente-un-servicio-customer-centric\/\">\u00bfEs realmente tu servicio de atenci\u00f3n al cliente un servicio \u00ab customer centric \u00bb ?<\/a><\/li>\n                                        <li class=\"sitemap_single_link\"><a href=\"https:\/\/odigo-v2-develop.go-vip.net\/es-es\/blog-y-recursos\/blog\/mensajeria-instantanea-una-buena-oportunidad-para-mejorar-tu-estrategia-de-relacion-cliente\/\">Mensajer\u00eda instant\u00e1nea: una buena oportunidad para mejorar tu estrategia de relaci\u00f3n cliente<\/a><\/li>\n                                        <li class=\"sitemap_single_link\"><a href=\"https:\/\/odigo-v2-develop.go-vip.net\/es-es\/blog-y-recursos\/blog\/simetria-de-las-atenciones-como-disenar-la-consola-del-agente\/\">Simetr\u00eda de las atenciones: C\u00f3mo dise\u00f1ar la consola del agente<\/a><\/li>\n                                        <li class=\"sitemap_single_link\"><a href=\"https:\/\/odigo-v2-develop.go-vip.net\/es-es\/blog-y-recursos\/blog\/simetria-de-las-atenciones-por-que-reconsiderar-la-consola-del-agente\/\">Simetr\u00eda de las atenciones: Por qu\u00e9 reconsiderar la consola del agente<\/a><\/li>\n                                        <li class=\"sitemap_single_link\"><a href=\"https:\/\/odigo-v2-develop.go-vip.net\/es-es\/blog-y-recursos\/blog\/chatbots-un-canal-entre-otros-muchos\/\">Chatbots: un canal entre otros muchos<\/a><\/li>\n                                        <li class=\"sitemap_single_link\"><a href=\"https:\/\/odigo-v2-develop.go-vip.net\/es-es\/blog-y-recursos\/blog\/chatbots-en-busca-del-roi-parte-2\/\">Chatbots: en busca del ROI (Parte 2)<\/a><\/li>\n                                        <li class=\"sitemap_single_link\"><a href=\"https:\/\/odigo-v2-develop.go-vip.net\/es-es\/blog-y-recursos\/blog\/chatbots-en-busca-del-roi\/\">Chatbots: en busca del ROI<\/a><\/li>\n                                        <li class=\"sitemap_single_link\"><a href=\"https:\/\/odigo-v2-develop.go-vip.net\/es-es\/blog-y-recursos\/blog\/el-call-center-ha-muerto-viva-el-hub-de-interacciones-conversacionales\/\">El call center ha muerto. \u00a1Viva el hub de interacciones conversacionales!<\/a><\/li>\n                                        <li class=\"sitemap_single_link\"><a href=\"https:\/\/odigo-v2-develop.go-vip.net\/es-es\/blog-y-recursos\/blog\/empleados-felices-clientes-leales\/\">Empleados felices, clientes leales<\/a><\/li>\n                                        <li class=\"sitemap_single_link\"><a href=\"https:\/\/odigo-v2-develop.go-vip.net\/es-es\/blog-y-recursos\/blog\/thats-what-gets-results\/\">\u00abThat&#8217;s what gets results\u00bb<\/a><\/li>\n                                        <li class=\"sitemap_single_link\"><a href=\"https:\/\/odigo-v2-develop.go-vip.net\/es-es\/blog-y-recursos\/blog\/el-papel-del-community-manager-en-la-relacion-cliente-2-0\/\">El papel del community manager en la relaci\u00f3n cliente 2.0<\/a><\/li>\n                                        <li class=\"sitemap_single_link\"><a href=\"https:\/\/odigo-v2-develop.go-vip.net\/es-es\/blog-y-recursos\/blog\/como-cumplir-las-promesas-de-tus-clientes\/\">C\u00f3mo cumplir las promesas de tus clientes<\/a><\/li>\n                                        <li class=\"sitemap_single_link\"><a href=\"https:\/\/odigo-v2-develop.go-vip.net\/es-es\/blog-y-recursos\/blog\/chatbots-una-revolucion-en-la-relacion-cliente\/\">Chatbots: una revoluci\u00f3n en la relaci\u00f3n cliente<\/a><\/li>\n                                        <li class=\"sitemap_single_link\"><a href=\"https:\/\/odigo-v2-develop.go-vip.net\/es-es\/blog-y-recursos\/blog\/interconectividad-un-problema-y-una-solucion\/\">Interconectividad: un problema y una soluci\u00f3n<\/a><\/li>\n                                    <\/ul>\n                            <\/div>\n        <\/div>\n    <\/div>\n<\/section>\n","protected":false},"excerpt":{"rendered":"","protected":false},"author":26,"featured_media":0,"parent":0,"menu_order":0,"comment_status":"closed","ping_status":"closed","template":"","meta":{"_acf_changed":false,"footnotes":""},"topic":[],"class_list":["post-12592","page","type-page","status-publish","hentry"],"acf":[],"yoast_head":"<!-- This site is optimized with the Yoast SEO Premium plugin v18.4 (Yoast SEO v22.9) - https:\/\/yoast.com\/wordpress\/plugins\/seo\/ -->\n<title>Mapa del blog - Odigo Espanol<\/title>\n<meta name=\"robots\" content=\"index, follow, max-snippet:-1, max-image-preview:large, max-video-preview:-1\" \/>\n<link rel=\"canonical\" href=\"https:\/\/odigo-v2-develop.go-vip.net\/es-es\/mapa-del-blog\/\" \/>\n<meta property=\"og:locale\" content=\"es_ES\" \/>\n<meta property=\"og:type\" content=\"article\" \/>\n<meta property=\"og:title\" content=\"Mapa del blog\" \/>\n<meta property=\"og:url\" content=\"https:\/\/odigo-v2-develop.go-vip.net\/es-es\/mapa-del-blog\/\" \/>\n<meta property=\"og:site_name\" content=\"Odigo Espanol\" \/>\n<meta name=\"twitter:card\" content=\"summary_large_image\" \/>\n<meta name=\"twitter:label1\" content=\"Est. reading time\" \/>\n\t<meta name=\"twitter:data1\" content=\"1 minuto\" \/>\n<script type=\"application\/ld+json\" class=\"yoast-schema-graph\">{\"@context\":\"https:\/\/schema.org\",\"@graph\":[{\"@type\":\"WebPage\",\"@id\":\"https:\/\/odigo-v2-develop.go-vip.net\/es-es\/mapa-del-blog\/\",\"url\":\"https:\/\/odigo-v2-develop.go-vip.net\/es-es\/mapa-del-blog\/\",\"name\":\"Mapa del blog - Odigo Espanol\",\"isPartOf\":{\"@id\":\"https:\/\/odigo-v2-develop.go-vip.net\/es-es\/#website\"},\"datePublished\":\"2023-12-22T13:40:59+00:00\",\"dateModified\":\"2023-12-22T13:40:59+00:00\",\"breadcrumb\":{\"@id\":\"https:\/\/odigo-v2-develop.go-vip.net\/es-es\/mapa-del-blog\/#breadcrumb\"},\"inLanguage\":\"es\",\"potentialAction\":[{\"@type\":\"ReadAction\",\"target\":[\"https:\/\/odigo-v2-develop.go-vip.net\/es-es\/mapa-del-blog\/\"]}]},{\"@type\":\"BreadcrumbList\",\"@id\":\"https:\/\/odigo-v2-develop.go-vip.net\/es-es\/mapa-del-blog\/#breadcrumb\",\"itemListElement\":[{\"@type\":\"ListItem\",\"position\":1,\"name\":\"Home\",\"item\":\"https:\/\/odigo-v2-develop.go-vip.net\/es-es\/\"},{\"@type\":\"ListItem\",\"position\":2,\"name\":\"Mapa del blog\"}]},{\"@type\":\"WebSite\",\"@id\":\"https:\/\/odigo-v2-develop.go-vip.net\/es-es\/#website\",\"url\":\"https:\/\/odigo-v2-develop.go-vip.net\/es-es\/\",\"name\":\"Odigo Espanol\",\"description\":\"Just another www.odigo.com site\",\"potentialAction\":[{\"@type\":\"SearchAction\",\"target\":{\"@type\":\"EntryPoint\",\"urlTemplate\":\"https:\/\/odigo-v2-develop.go-vip.net\/es-es\/?s={search_term_string}\"},\"query-input\":\"required name=search_term_string\"}],\"inLanguage\":\"es\"}]}<\/script>\n<!-- \/ Yoast SEO Premium plugin. -->","yoast_head_json":{"title":"Mapa del blog - Odigo Espanol","robots":{"index":"index","follow":"follow","max-snippet":"max-snippet:-1","max-image-preview":"max-image-preview:large","max-video-preview":"max-video-preview:-1"},"canonical":"https:\/\/odigo-v2-develop.go-vip.net\/es-es\/mapa-del-blog\/","og_locale":"es_ES","og_type":"article","og_title":"Mapa del blog","og_url":"https:\/\/odigo-v2-develop.go-vip.net\/es-es\/mapa-del-blog\/","og_site_name":"Odigo Espanol","twitter_card":"summary_large_image","twitter_misc":{"Est. reading time":"1 minuto"},"schema":{"@context":"https:\/\/schema.org","@graph":[{"@type":"WebPage","@id":"https:\/\/odigo-v2-develop.go-vip.net\/es-es\/mapa-del-blog\/","url":"https:\/\/odigo-v2-develop.go-vip.net\/es-es\/mapa-del-blog\/","name":"Mapa del blog - Odigo Espanol","isPartOf":{"@id":"https:\/\/odigo-v2-develop.go-vip.net\/es-es\/#website"},"datePublished":"2023-12-22T13:40:59+00:00","dateModified":"2023-12-22T13:40:59+00:00","breadcrumb":{"@id":"https:\/\/odigo-v2-develop.go-vip.net\/es-es\/mapa-del-blog\/#breadcrumb"},"inLanguage":"es","potentialAction":[{"@type":"ReadAction","target":["https:\/\/odigo-v2-develop.go-vip.net\/es-es\/mapa-del-blog\/"]}]},{"@type":"BreadcrumbList","@id":"https:\/\/odigo-v2-develop.go-vip.net\/es-es\/mapa-del-blog\/#breadcrumb","itemListElement":[{"@type":"ListItem","position":1,"name":"Home","item":"https:\/\/odigo-v2-develop.go-vip.net\/es-es\/"},{"@type":"ListItem","position":2,"name":"Mapa del blog"}]},{"@type":"WebSite","@id":"https:\/\/odigo-v2-develop.go-vip.net\/es-es\/#website","url":"https:\/\/odigo-v2-develop.go-vip.net\/es-es\/","name":"Odigo Espanol","description":"Just another www.odigo.com site","potentialAction":[{"@type":"SearchAction","target":{"@type":"EntryPoint","urlTemplate":"https:\/\/odigo-v2-develop.go-vip.net\/es-es\/?s={search_term_string}"},"query-input":"required name=search_term_string"}],"inLanguage":"es"}]}},"_links":{"self":[{"href":"https:\/\/odigo-v2-develop.go-vip.net\/es-es\/wp-json\/wp\/v2\/pages\/12592","targetHints":{"allow":["GET"]}}],"collection":[{"href":"https:\/\/odigo-v2-develop.go-vip.net\/es-es\/wp-json\/wp\/v2\/pages"}],"about":[{"href":"https:\/\/odigo-v2-develop.go-vip.net\/es-es\/wp-json\/wp\/v2\/types\/page"}],"author":[{"embeddable":true,"href":"https:\/\/odigo-v2-develop.go-vip.net\/es-es\/wp-json\/wp\/v2\/users\/26"}],"replies":[{"embeddable":true,"href":"https:\/\/odigo-v2-develop.go-vip.net\/es-es\/wp-json\/wp\/v2\/comments?post=12592"}],"version-history":[{"count":1,"href":"https:\/\/odigo-v2-develop.go-vip.net\/es-es\/wp-json\/wp\/v2\/pages\/12592\/revisions"}],"predecessor-version":[{"id":12593,"href":"https:\/\/odigo-v2-develop.go-vip.net\/es-es\/wp-json\/wp\/v2\/pages\/12592\/revisions\/12593"}],"wp:attachment":[{"href":"https:\/\/odigo-v2-develop.go-vip.net\/es-es\/wp-json\/wp\/v2\/media?parent=12592"}],"wp:term":[{"taxonomy":"topic","embeddable":true,"href":"https:\/\/odigo-v2-develop.go-vip.net\/es-es\/wp-json\/wp\/v2\/topic?post=12592"}],"curies":[{"name":"wp","href":"https:\/\/api.w.org\/{rel}","templated":true}]}}